{"id":918,"date":"2012-01-13T09:30:42","date_gmt":"2012-01-13T08:30:42","guid":{"rendered":"http:\/\/guidoblogs.org\/?page_id=918"},"modified":"2012-01-12T13:49:18","modified_gmt":"2012-01-12T12:49:18","slug":"blog-fundador-oysiao-en-el-oasis","status":"publish","type":"page","link":"https:\/\/guidoblogs.org\/?page_id=918","title":{"rendered":"Blog-Fundador | Oysiao en el Oasis"},"content":{"rendered":"<p><strong>Unas palabras para empezar&#8230;<\/strong><\/p>\n<p>Este espacio de guidoblogs.org quiero dedicarlo a los verdaderos protagonistas de esta web que no son otros que todos los blogs de Profesores de Conservatorios y Escuelas de M\u00fasica que se han querido adherir al proyecto. Digo Blogs de Profesores de Conservatorio y Escuelas de M\u00fasica, pero cada vez me voy dando cuenta de que me quedo corto con esta definici\u00f3n. Est\u00e1n empezando a llegar nuevos blogs de escuelas de m\u00fasica, departamentos \u00a1e incluso revistas musicales! Y una de las cosas que me ilusiona de todo ello es que, pese a la juventud del proyecto, ya no tengo que ir a la caza y captura de Blogs por internet, los blogs empiezan a llegar solos.<\/p>\n<p>Al mismo tiempo, apoyando la propia iniciativa de <a href=\"http:\/\/posturasanaconser.blogspot.com\/\">Ana<\/a>\u00a0(del Blog Postura Sana), cuya ilusi\u00f3n mostrada en cada uno de sus e-mails hace mucho m\u00e1s amena la ardua tarea de hacer empezar a girar todo un planeta, se ha creado esta secci\u00f3n en la que los blogs que as\u00ed lo deseen se presenten con su propia voz en un espacio mucho mayor y m\u00e1s atractivo que el que proporciona el apartado \u00abBreve descripci\u00f3n\u00bb del listado.<\/p>\n<p><strong>Oysiao en el Oasis &#8211; Blog fundador de GuidoBlogs<\/strong><\/p>\n<p>Por mi parte y sin querer acaparar m\u00e1s espacio, como Blog-Fundador de GuidoBlogs, simplemente presentar\u00e9 a <a href=\"http:\/\/jlmirall.es\/oysiao\/\">Oysiao en el Oasis<\/a> c\u00f3mo el lugar donde elev\u00e9 a la categor\u00eda de blog todas aquellas inquietudes y conversaciones de pasillos con compa\u00f1eros sobre la situaci\u00f3n de las ense\u00f1anzas musicales en los Conservatorios Espa\u00f1oles. Y c\u00f3mo mediante el conocimiento de la legislaci\u00f3n, el funcionamiento del aparato burocr\u00e1tico, la historia de la educaci\u00f3n musical, los cursos de formaci\u00f3n, las lecturas de libros y documentos y una reflexi\u00f3n constante intento aportar mi granito de arena para mejorar todo aquello que est\u00e9 en mis manos.<\/p>\n<p>As\u00ed que os animo a que particip\u00e9is en todos los debates que all\u00ed se generan y form\u00e9is parte de las reflexiones colectivas sobre los Conservatorios y la educaci\u00f3n musical.<\/p>\n<p><a href=\"http:\/\/www.jlmirall.es\/oysiao\"><img loading=\"lazy\" decoding=\"async\" class=\"aligncenter size-medium wp-image-922\" title=\"Oysiao blog\" src=\"http:\/\/guidoblogs.org\/wp-content\/uploads\/2012\/01\/Captura-de-pantalla-2012-01-12-a-las-13.47.33-300x106.png\" alt=\"\" width=\"300\" height=\"106\" srcset=\"https:\/\/guidoblogs.org\/wp-content\/uploads\/2012\/01\/Captura-de-pantalla-2012-01-12-a-las-13.47.33-300x106.png 300w, https:\/\/guidoblogs.org\/wp-content\/uploads\/2012\/01\/Captura-de-pantalla-2012-01-12-a-las-13.47.33.png 331w\" sizes=\"auto, (max-width: 300px) 100vw, 300px\" \/><\/a><\/p>\n<p>&nbsp;<\/p>\n<p><strong>Unas palabras para terminar&#8230;<\/strong><\/p>\n<p>Desde los inicios del proyecto, me ha venido encima una avalancha de trabajo (actualizar el \u00a0listado, agregar blogs al planeta, ir mejorando poco a poco el aspecto de la web, la gesti\u00f3n de las redes sociales de guidoblogs, comunicarme con otros proyectos similares, etc. ), y muchas veces no puedo contestar en tiempo y forma a todos los e-mails recibidos. As\u00ed que desde aqu\u00ed quiero agradecer a toda la gente que muestra su ilusi\u00f3n y ganas por participar en este proyecto y especialmente a aquellos que en sus e-mails me dedican unas palabras\u00a0de \u00e1nimo para seguir adelante. Me reconforta mucho saber que todo el trabajo que hago ilusiona a tanta gente.<\/p>\n<p>Todo aquel que dedica voluntariamente parte de su tiempo a realizar un blog sobre algo relacionado con su puesto de trabajo, lo hace porque ama ese trabajo. Los m\u00fasicos tenemos la suerte de poder dedicarnos a algo que amamos profundamente. Y me encanta poder encontrar a tantos profesores que aman la docencia.<\/p>\n<blockquote>\n<p style=\"text-align: center;\">el futuro de la m\u00fasica est\u00e1 en manos de los m\u00fasicos,<br \/>\ny el futuro de los pr\u00f3ximos m\u00fasicos est\u00e1 en manos de sus profesores<\/p>\n<\/blockquote>\n<p>&nbsp;<\/p>\n","protected":false},"excerpt":{"rendered":"<p>Unas palabras para empezar&#8230; Este espacio de guidoblogs.org quiero dedicarlo a los verdaderos protagonistas de esta web que no son otros que todos los blogs de Profesores de Conservatorios y Escuelas de M\u00fasica que se han querido adherir al proyecto.&hellip;<\/p>\n<p class=\"more-link-p\"><a class=\"more-link\" href=\"https:\/\/guidoblogs.org\/?page_id=918\">Read more &rarr;<\/a><\/p>\n","protected":false},"author":1,"featured_media":0,"parent":15,"menu_order":0,"comment_status":"open","ping_status":"open","template":"","meta":{"jetpack_post_was_ever_published":false,"footnotes":""},"class_list":["post-918","page","type-page","status-publish","hentry"],"jetpack_shortlink":"https:\/\/wp.me\/P26BS1-eO","jetpack_sharing_enabled":true,"_links":{"self":[{"href":"https:\/\/guidoblogs.org\/index.php?rest_route=\/wp\/v2\/pages\/918","targetHints":{"allow":["GET"]}}],"collection":[{"href":"https:\/\/guidoblogs.org\/index.php?rest_route=\/wp\/v2\/pages"}],"about":[{"href":"https:\/\/guidoblogs.org\/index.php?rest_route=\/wp\/v2\/types\/page"}],"author":[{"embeddable":true,"href":"https:\/\/guidoblogs.org\/index.php?rest_route=\/wp\/v2\/users\/1"}],"replies":[{"embeddable":true,"href":"https:\/\/guidoblogs.org\/index.php?rest_route=%2Fwp%2Fv2%2Fcomments&post=918"}],"version-history":[{"count":0,"href":"https:\/\/guidoblogs.org\/index.php?rest_route=\/wp\/v2\/pages\/918\/revisions"}],"up":[{"embeddable":true,"href":"https:\/\/guidoblogs.org\/index.php?rest_route=\/wp\/v2\/pages\/15"}],"wp:attachment":[{"href":"https:\/\/guidoblogs.org\/index.php?rest_route=%2Fwp%2Fv2%2Fmedia&parent=918"}],"curies":[{"name":"wp","href":"https:\/\/api.w.org\/{rel}","templated":true}]}}