{"id":81689,"date":"2019-01-04T21:27:24","date_gmt":"2019-01-04T20:27:24","guid":{"rendered":"https:\/\/guidoblogs.org\/?page_id=81689"},"modified":"2019-01-04T21:59:09","modified_gmt":"2019-01-04T20:59:09","slug":"guidotube","status":"publish","type":"page","link":"https:\/\/guidoblogs.org\/?page_id=81689","title":{"rendered":"GuidoTube"},"content":{"rendered":"<p>GuidoBlogs ahora tambi\u00e9n tiene una lista de canales de youtube de los blogs que pertenecen al listado.<\/p>\n<p>Se ha utilizado la informaci\u00f3n de <a href=\"https:\/\/www.listado.guidoblogs.org\">www.listado.guidoblogs.org<\/a>\u00a0para realizarla. Si tienes un canal de youtube y no figura en esta lista o quieres proponer alguno para que pertenezca a ella escribe un e-mail a <a href=\"mailto:guidoblogs@gmail.com\">guidoblogs@gmail.com<\/a>\u00a0con la siguiente informaci\u00f3n:<\/p>\n<ul>\n<li>link del canal<\/li>\n<li>link del blog educativo (si lo tiene)<\/li>\n<li>breve descripci\u00f3n del canal<\/li>\n<\/ul>\n<p>Tambi\u00e9n pod\u00e9is insertar la lista en vuestros blogs, usando el bot\u00f3n de \u00abembed\u00bb que encontrar\u00e9is dentro de ella.<\/p>\n<p>*<em>Este es el regalo de Reyes de GuidoBlogs del 2019 \ud83d\ude42<\/em><\/p>\n<p>&nbsp;<\/p>\n<div id=\"ly_wrap_2dSu\" style=\"text-align: left;\"><script type='text\/javascript' src='https:\/\/list.ly\/plugin\/show?list=2dSu&#038;layout=gallery&#038;per_page=25&#038;show_list_headline=false&#038;show_list_badges=false&#038;show_list_stats=false&#038;show_list_title=false&#038;show_author=false&#038;show_list_description=false&#038;show_list_tools=false&#038;show_item_tabs=false&#038;show_item_filter=false&#038;show_item_timestamp=false&#038;show_item_voting=false&#038;show_item_comments=false&#038;show_item_relist=false&#038;show_sharing=false&#038;show_item_numbers=false&#038;show_item_search=false&#038;show_item_layout=false&#038;show_item_sort=false'><\/script><\/div>\n","protected":false},"excerpt":{"rendered":"<p>GuidoBlogs ahora tambi\u00e9n tiene una lista de canales de youtube de los blogs que pertenecen al listado. Se ha utilizado la informaci\u00f3n de www.listado.guidoblogs.org\u00a0para realizarla. Si tienes un canal de youtube y no figura en esta lista o quieres proponer&hellip;<\/p>\n<p class=\"more-link-p\"><a class=\"more-link\" href=\"https:\/\/guidoblogs.org\/?page_id=81689\">Read more &rarr;<\/a><\/p>\n","protected":false},"author":1,"featured_media":0,"parent":0,"menu_order":0,"comment_status":"closed","ping_status":"closed","template":"","meta":{"jetpack_post_was_ever_published":false,"footnotes":""},"class_list":["post-81689","page","type-page","status-publish","hentry"],"jetpack_shortlink":"https:\/\/wp.me\/P26BS1-lfz","jetpack_sharing_enabled":true,"_links":{"self":[{"href":"https:\/\/guidoblogs.org\/index.php?rest_route=\/wp\/v2\/pages\/81689","targetHints":{"allow":["GET"]}}],"collection":[{"href":"https:\/\/guidoblogs.org\/index.php?rest_route=\/wp\/v2\/pages"}],"about":[{"href":"https:\/\/guidoblogs.org\/index.php?rest_route=\/wp\/v2\/types\/page"}],"author":[{"embeddable":true,"href":"https:\/\/guidoblogs.org\/index.php?rest_route=\/wp\/v2\/users\/1"}],"replies":[{"embeddable":true,"href":"https:\/\/guidoblogs.org\/index.php?rest_route=%2Fwp%2Fv2%2Fcomments&post=81689"}],"version-history":[{"count":0,"href":"https:\/\/guidoblogs.org\/index.php?rest_route=\/wp\/v2\/pages\/81689\/revisions"}],"wp:attachment":[{"href":"https:\/\/guidoblogs.org\/index.php?rest_route=%2Fwp%2Fv2%2Fmedia&parent=81689"}],"curies":[{"name":"wp","href":"https:\/\/api.w.org\/{rel}","templated":true}]}}