{"id":4863,"date":"2013-01-13T17:46:49","date_gmt":"2013-01-13T16:46:49","guid":{"rendered":"http:\/\/guidoblogs.org\/?page_id=4863"},"modified":"2013-01-13T17:46:49","modified_gmt":"2013-01-13T16:46:49","slug":"130113-aula-de-tuba-del-conservatorio-superior-del-principado-de-asturias","status":"publish","type":"page","link":"https:\/\/guidoblogs.org\/?page_id=4863","title":{"rendered":"13\/01\/13 &#8211; Aula de Tuba del Conservatorio Superior del Principado de Asturias"},"content":{"rendered":"<div style=\"text-align: justify;\">En marzo se cumplir\u00e1 un a\u00f1o de nuestra incorporaci\u00f3n al espacio digital, con la \u00fanica intenci\u00f3n de aportar nuestro granito de arena al mundo de la tuba. El <a href=\"http:\/\/aulatubaconsersuperiorasturias.blogspot.com.es\/\" target=\"_blank\">Blog del Aula de Tuba del Conservatorio Superior de M\u00fasica del Principado de Asturias<\/a> es el escaparate en el que mostramos las m\u00faltiples actividades que realizamos en el CONSMUPA: audiciones, grabaciones, conciertos, pruebas de orquesta. Actividades a trav\u00e9s de las cuales crecemos como m\u00fasicos. La m\u00fasica es, como bien sab\u00e9is, una lucha constante contra nuestras propias limitaciones, una incesante\u00a0b\u00fasqueda\u00a0del m\u00e1s all\u00e1 que en ocasiones resulta descorazonadora. La \u00fanica pretensi\u00f3n del Aula de Tuba del CONSMUPA es la de ayudar a los alumnos a encontrar su propia voz, su personalidad musical. En el Blog os mostramos las entra\u00f1as de una clase en\u00a0continua evoluci\u00f3n.<\/div>\n<div style=\"text-align: justify;\">Debo agradecer a Jos\u00e9 Luis Miralles, creador de<a href=\"http:\/\/guidoblogs.org\/\" target=\"_blank\"> GuidoBlogs<\/a>, su amabilidad al ofrecerme este espacio para presentar el trabajo que realizamos en el aula.<\/div>\n<div style=\"text-align: justify;\"><\/div>\n<div class=\"separator\" style=\"clear: both; text-align: center;\"><a style=\"margin-left: 1em; margin-right: 1em;\" href=\"http:\/\/3.bp.blogspot.com\/-KdZxSY8PbqA\/UPLfbrv-soI\/AAAAAAAAAhc\/EjolplfeoW0\/s1600\/IMG_0159.jpg\"><img loading=\"lazy\" decoding=\"async\" alt=\"\" src=\"http:\/\/3.bp.blogspot.com\/-KdZxSY8PbqA\/UPLfbrv-soI\/AAAAAAAAAhc\/EjolplfeoW0\/s320\/IMG_0159.jpg\" width=\"320\" height=\"229\" border=\"0\" \/><\/a><\/div>\n<p>&nbsp;<\/p>\n<div class=\"separator\" style=\"clear: both; text-align: center;\"><a style=\"margin-left: 1em; margin-right: 1em;\" href=\"http:\/\/2.bp.blogspot.com\/-Fq0LBHkYtow\/UPLfeFPefLI\/AAAAAAAAAhk\/2AB2AtcyIqk\/s1600\/IMG_0151.jpg\"><img loading=\"lazy\" decoding=\"async\" alt=\"\" src=\"http:\/\/2.bp.blogspot.com\/-Fq0LBHkYtow\/UPLfeFPefLI\/AAAAAAAAAhk\/2AB2AtcyIqk\/s320\/IMG_0151.jpg\" width=\"320\" height=\"240\" border=\"0\" \/><\/a><\/div>\n<p>&nbsp;<\/p>\n<div class=\"separator\" style=\"clear: both; text-align: center;\"><a style=\"margin-left: 1em; margin-right: 1em;\" href=\"http:\/\/1.bp.blogspot.com\/-VpqPXD9ZF_o\/UPLfhD7dObI\/AAAAAAAAAhs\/DJX-rmhLQzo\/s1600\/Tubas-Gijon19.JPG\"><img loading=\"lazy\" decoding=\"async\" alt=\"\" src=\"http:\/\/1.bp.blogspot.com\/-VpqPXD9ZF_o\/UPLfhD7dObI\/AAAAAAAAAhs\/DJX-rmhLQzo\/s320\/Tubas-Gijon19.JPG\" width=\"320\" height=\"213\" border=\"0\" \/><\/a><\/div>\n<div style=\"text-align: justify;\"><\/div>\n","protected":false},"excerpt":{"rendered":"<p>En marzo se cumplir\u00e1 un a\u00f1o de nuestra incorporaci\u00f3n al espacio digital, con la \u00fanica intenci\u00f3n de aportar nuestro granito de arena al mundo de la tuba. El Blog del Aula de Tuba del Conservatorio Superior de M\u00fasica del Principado&hellip;<\/p>\n<p class=\"more-link-p\"><a class=\"more-link\" href=\"https:\/\/guidoblogs.org\/?page_id=4863\">Read more &rarr;<\/a><\/p>\n","protected":false},"author":1,"featured_media":0,"parent":15,"menu_order":14,"comment_status":"open","ping_status":"open","template":"","meta":{"jetpack_post_was_ever_published":false,"footnotes":""},"class_list":["post-4863","page","type-page","status-publish","hentry"],"jetpack_shortlink":"https:\/\/wp.me\/P26BS1-1gr","jetpack_sharing_enabled":true,"_links":{"self":[{"href":"https:\/\/guidoblogs.org\/index.php?rest_route=\/wp\/v2\/pages\/4863","targetHints":{"allow":["GET"]}}],"collection":[{"href":"https:\/\/guidoblogs.org\/index.php?rest_route=\/wp\/v2\/pages"}],"about":[{"href":"https:\/\/guidoblogs.org\/index.php?rest_route=\/wp\/v2\/types\/page"}],"author":[{"embeddable":true,"href":"https:\/\/guidoblogs.org\/index.php?rest_route=\/wp\/v2\/users\/1"}],"replies":[{"embeddable":true,"href":"https:\/\/guidoblogs.org\/index.php?rest_route=%2Fwp%2Fv2%2Fcomments&post=4863"}],"version-history":[{"count":0,"href":"https:\/\/guidoblogs.org\/index.php?rest_route=\/wp\/v2\/pages\/4863\/revisions"}],"up":[{"embeddable":true,"href":"https:\/\/guidoblogs.org\/index.php?rest_route=\/wp\/v2\/pages\/15"}],"wp:attachment":[{"href":"https:\/\/guidoblogs.org\/index.php?rest_route=%2Fwp%2Fv2%2Fmedia&parent=4863"}],"curies":[{"name":"wp","href":"https:\/\/api.w.org\/{rel}","templated":true}]}}