{"id":403,"date":"2012-01-06T02:45:26","date_gmt":"2012-01-06T01:45:26","guid":{"rendered":"http:\/\/guidoblogs.org\/?page_id=403"},"modified":"2012-01-11T12:13:58","modified_gmt":"2012-01-11T11:13:58","slug":"60112-postura-sana-en-el-conser-de-gijon-2","status":"publish","type":"page","link":"https:\/\/guidoblogs.org\/?page_id=403","title":{"rendered":"6\/01\/12 &#8211; Postura sana en el Conser de Gij\u00f3n"},"content":{"rendered":"<div style=\"text-align: justify;\"><a style=\"clear: right; cssfloat: right; float: right; margin-bottom: 1em; margin-left: 1em;\" href=\"http:\/\/3.bp.blogspot.com\/-taOqFkveJwA\/TwVhGGUIrsI\/AAAAAAAAATk\/-W3IHuhrRWQ\/s1600\/imagesCAUGLA3T.jpg\"><img decoding=\"async\" src=\"http:\/\/3.bp.blogspot.com\/-taOqFkveJwA\/TwVhGGUIrsI\/AAAAAAAAATk\/-W3IHuhrRWQ\/s1600\/imagesCAUGLA3T.jpg\" alt=\"\" border=\"0\" \/><\/a>Se ve que estoy de suerte. Se me ocurre crear un blog para el proyecto Postura sana y resulta que, en el Conservatorio Profesional de M\u00fasica de Gij\u00f3n, donde tengo la fortuna\u00a0de trabajar, me encuentro con buena parte de su profesorado contagiado por la misma idea para sus asignaturas. Nos entra una \u00abblogitis\u00bb de aupa y este oto\u00f1o, han proliferado los blogs en nuestro centro, como nutridos racimos de setas.<\/div>\n<div style=\"text-align: justify;\"><\/div>\n<div style=\"text-align: justify;\"><a style=\"clear: left; cssfloat: left; float: left; margin-bottom: 1em; margin-right: 1em;\" href=\"http:\/\/3.bp.blogspot.com\/-b5G2KSQgnY4\/TwViVu5bpFI\/AAAAAAAAAT8\/BxTCHZ0tlIc\/s1600\/imagesCA4T8532.jpg\"><img loading=\"lazy\" decoding=\"async\" src=\"http:\/\/3.bp.blogspot.com\/-b5G2KSQgnY4\/TwViVu5bpFI\/AAAAAAAAAT8\/BxTCHZ0tlIc\/s200\/imagesCA4T8532.jpg\" alt=\"\" width=\"200\" height=\"156\" border=\"0\" \/><\/a>\u00a0<span style=\"font-family: inherit;\">Por si eso fuera poco hoy he recibido mi primer regalo de reyes: <a href=\"http:\/\/www.jlmirall.es\/JLMB\/index.html\"><span style=\"color: #38761d;\"><strong>Jos\u00e9 Luis Miralles<\/strong><\/span><\/a><\/span><span style=\"font-family: inherit;\"><span style=\"color: #38761d;\">,<\/span> profesor de piano en el Conservatorio de Castell\u00f3n, ha tenido la buena idea de recopilar, en un listado, todos los blogs que <span style=\"color: black;\">existen<\/span> sobre m\u00fasica, y ha creado\u00a0una <a href=\"http:\/\/guidoblogs.org\/?page_id=2\"><span style=\"color: #38761d;\"><strong>web de blogs<\/strong><\/span><\/a>\u00a0 dedicada a los\u00a0espec\u00edficos de Conservatorios y Escuelas de M\u00fasica. <\/span><\/div>\n<div style=\"text-align: justify;\"><\/div>\n<div class=\"separator\" style=\"clear: both; text-align: center;\"><\/div>\n<div style=\"text-align: justify;\"><a style=\"clear: right; cssfloat: right; float: right; margin-bottom: 1em; margin-left: 1em;\" href=\"http:\/\/3.bp.blogspot.com\/-MhTgI408MAY\/TwVpFPEloVI\/AAAAAAAAAUI\/vdmr6F929Zg\/s1600\/burros.jpg\"><img loading=\"lazy\" decoding=\"async\" src=\"http:\/\/3.bp.blogspot.com\/-MhTgI408MAY\/TwVpFPEloVI\/AAAAAAAAAUI\/vdmr6F929Zg\/s200\/burros.jpg\" alt=\"\" width=\"179\" height=\"200\" border=\"0\" \/><\/a>La creaci\u00f3n de esta web es un acontecimiento importante. Como podr\u00e9is comprobar si os adentr\u00e1is en ella, existen muchos blogs, mucho profesorado trabajando con los mismos prop\u00f3sitos, muchos recursos valiosos pululando por la red\u00a0y, hasta ahora,\u00a0gran parte de ellos permanec\u00edan inconexos.<\/div>\n<div style=\"text-align: justify;\"><\/div>\n<div style=\"text-align: justify;\"><\/div>\n<div style=\"text-align: justify;\"><a style=\"clear: left; cssfloat: left; float: left; margin-bottom: 1em; margin-right: 1em;\" href=\"http:\/\/4.bp.blogspot.com\/-c2dgqkBrIus\/TwVwJ64hP1I\/AAAAAAAAAUU\/KlJhE-cNxr4\/s1600\/imagesCAEIOLMT.jpg\"><img decoding=\"async\" src=\"http:\/\/4.bp.blogspot.com\/-c2dgqkBrIus\/TwVwJ64hP1I\/AAAAAAAAAUU\/KlJhE-cNxr4\/s1600\/imagesCAEIOLMT.jpg\" alt=\"\" border=\"0\" \/><\/a><\/div>\n<div style=\"text-align: justify;\">El caso es que, al menos de momento, en ese listado, en esa web, el blog de Postura sana, es el \u00fanico que aborda toda la tem\u00e1tica de higiene postural, de t\u00e9cnicas corporales. As\u00ed que, por ahora, es toda una responsabilidad para m\u00ed poder ofrecer este blog como una de las piezas que conforman este gran puzzle, en perpetua construcci\u00f3n, con la esperanza de, a no mucho tardar, encontrar otros blogs de su misma tem\u00e1tica.<\/div>\n<div style=\"text-align: justify;\"><\/div>\n<div style=\"text-align: justify;\"><a style=\"clear: right; cssfloat: right; float: right; margin-bottom: 1em; margin-left: 1em;\" href=\"http:\/\/3.bp.blogspot.com\/-nO67_KLvB-c\/TwV26Dn31pI\/AAAAAAAAAVo\/GpZmipgXre8\/s1600\/compartir.jpg\"><img loading=\"lazy\" decoding=\"async\" src=\"http:\/\/3.bp.blogspot.com\/-nO67_KLvB-c\/TwV26Dn31pI\/AAAAAAAAAVo\/GpZmipgXre8\/s200\/compartir.jpg\" alt=\"\" width=\"155\" height=\"200\" border=\"0\" \/><\/a>Lo que si\u00a0puede resultar \u00a0m\u00e1s dif\u00edcil, aunque no imposible, ser\u00e1 encontrar un Proyecto de Educaci\u00f3n\u00a0\u00a0\u00a0para la Salud como el de Postura sana, por lo complejo de su naturaleza multidisciplinar y lo completo que es a nivel interdepartamental. Por eso, animo a todas las personas que a\u00fan no lo conocen, a que visiten este blog, a que aprovechen todos los recursos que lo nutren y a que participen de forma activa con\u00a0\u00a0sus comentarios\u00a0 y sugerencias.<\/div>\n<div style=\"text-align: justify;\"><\/div>\n<div style=\"text-align: justify;\"><a style=\"clear: left; cssfloat: left; float: left; margin-bottom: 1em; margin-right: 1em;\" href=\"http:\/\/3.bp.blogspot.com\/-E7-EddR2rac\/TwV2S_u34ZI\/AAAAAAAAAVc\/GjRKly9v3vo\/s1600\/imagesCASZLI52.jpg\"><img decoding=\"async\" src=\"http:\/\/3.bp.blogspot.com\/-E7-EddR2rac\/TwV2S_u34ZI\/AAAAAAAAAVc\/GjRKly9v3vo\/s1600\/imagesCASZLI52.jpg\" alt=\"\" border=\"0\" \/><\/a><\/div>\n<div style=\"text-align: justify;\">Por mi parte&#8230;\u00a1estoy encantada! Es un lujo empezar el a\u00f1o formando parte activa de la creaci\u00f3n de un nuevo planeta de blogs educativos y poder compartir este regalazo con todas las personas que lo quieran disfrutar. Os doy la bienvenida desde el blog <a href=\"http:\/\/posturasanaconser.blogspot.com\/\"><span style=\"color: #38761d;\"><strong>Postura sana en el Conser de Gij\u00f3n<\/strong><\/span><\/a>.<\/div>\n<div style=\"text-align: justify;\"><\/div>\n<div style=\"text-align: justify;\"><\/div>\n<div style=\"text-align: justify;\"><\/div>\n<div class=\"separator\" style=\"clear: both; text-align: center;\"><\/div>\n<div class=\"separator\" style=\"clear: both; text-align: center;\"><\/div>\n","protected":false},"excerpt":{"rendered":"<p>Se ve que estoy de suerte. Se me ocurre crear un blog para el proyecto Postura sana y resulta que, en el Conservatorio Profesional de M\u00fasica de Gij\u00f3n, donde tengo la fortuna\u00a0de trabajar, me encuentro con buena parte de su&hellip;<\/p>\n<p class=\"more-link-p\"><a class=\"more-link\" href=\"https:\/\/guidoblogs.org\/?page_id=403\">Read more &rarr;<\/a><\/p>\n","protected":false},"author":26,"featured_media":0,"parent":15,"menu_order":1,"comment_status":"open","ping_status":"open","template":"","meta":{"jetpack_post_was_ever_published":false,"footnotes":""},"class_list":["post-403","page","type-page","status-publish","hentry"],"jetpack_shortlink":"https:\/\/wp.me\/P26BS1-6v","jetpack_sharing_enabled":true,"_links":{"self":[{"href":"https:\/\/guidoblogs.org\/index.php?rest_route=\/wp\/v2\/pages\/403","targetHints":{"allow":["GET"]}}],"collection":[{"href":"https:\/\/guidoblogs.org\/index.php?rest_route=\/wp\/v2\/pages"}],"about":[{"href":"https:\/\/guidoblogs.org\/index.php?rest_route=\/wp\/v2\/types\/page"}],"author":[{"embeddable":true,"href":"https:\/\/guidoblogs.org\/index.php?rest_route=\/wp\/v2\/users\/26"}],"replies":[{"embeddable":true,"href":"https:\/\/guidoblogs.org\/index.php?rest_route=%2Fwp%2Fv2%2Fcomments&post=403"}],"version-history":[{"count":0,"href":"https:\/\/guidoblogs.org\/index.php?rest_route=\/wp\/v2\/pages\/403\/revisions"}],"up":[{"embeddable":true,"href":"https:\/\/guidoblogs.org\/index.php?rest_route=\/wp\/v2\/pages\/15"}],"wp:attachment":[{"href":"https:\/\/guidoblogs.org\/index.php?rest_route=%2Fwp%2Fv2%2Fmedia&parent=403"}],"curies":[{"name":"wp","href":"https:\/\/api.w.org\/{rel}","templated":true}]}}