{"id":28,"date":"2012-01-04T16:27:12","date_gmt":"2012-01-04T15:27:12","guid":{"rendered":"http:\/\/guidoblogs.org\/?page_id=28"},"modified":"2012-01-04T21:27:22","modified_gmt":"2012-01-04T20:27:22","slug":"aprende-a-seguirnos","status":"publish","type":"page","link":"https:\/\/guidoblogs.org\/?page_id=28","title":{"rendered":"Aprende a seguirnos"},"content":{"rendered":"<p><strong>\u00bfTodav\u00eda eres de los que entra en una p\u00e1gina web cada vez que quiere ver si han puesto algo nuevo?<\/strong> \u00a1Eso ya est\u00e1 pasado de moda!<\/p>\n<p>El RSS es el futuro (ejem, ejem, <a href=\"http:\/\/celularhacker.blogspot.com\/2008\/05\/historia-y-origen-de-rss.html\">1999<\/a>). Con \u00e9l, en lugar de tener que ir a un sitio web para ver si hay novedades, es el propio sitio web el que te avisa de que tiene novedades. Y,&#8230; \u00bfc\u00f3mo lo hace? Pues tiene dos formas diferentes:<\/p>\n<ul>\n<li><strong>Mail: <\/strong>Te env\u00eda un correo electr\u00f3nico con la novedad para que la leas en tu correo o visites la p\u00e1gina web. En GuidoBlogs puedes recibir notificaciones por mail escribiendo tu mail en la caja del men\u00fa de la izquierda que pone \u00abIntroduce tu e-mail para recibir las novedades:\u00bb. F\u00e1cil, \u00bfverdad? Pues la opci\u00f3n siguiente es mi favorita.<\/li>\n<li><strong>Agregador de noticias: <\/strong>Que no te asuste el nombre. Un agregador de noticias es un programa de tu ordenador o un servicio web dedicado a ello: funciona como una bandeja de entrada para las notificaciones de RSS de todos los sitios a los que est\u00e1s suscrito. Esta opci\u00f3n ofrece mayor versatilidad que la del mail ya que se gestiona desde un mismo lugar todo. Algunos ejemplos de agregadores de noticias que puedes usar:<\/li>\n<ul>\n<li><a href=\"www.google.es\/reader\/\">Google Reader<\/a> (servicio web)<\/li>\n<li><a href=\"http:\/\/www.feedreader.com\/\">FeedReader<\/a>\u00a0(programa para Windows)<\/li>\n<li><a href=\"http:\/\/netnewswireapp.com\/\">NetNewsWire<\/a>\u00a0(programa para Mac)<\/li>\n<li><a href=\"http:\/\/liferea.sourceforge.net\/\">Liferea<\/a> (programa para Linux)<\/li>\n<\/ul>\n<\/ul>\n<p>Para usar un agregador de noticias necesitas la direcci\u00f3n RSS del sitio que quieres que te avise. En GuidoBlogs puedes encontrar la direcci\u00f3n RSS en el men\u00fa de la izquierda (pinchando el logo naranja o \u00abRSS &#8211; Posts\u00bb). Si usas esa direcci\u00f3n en un agregador de noticias, cada vez que lo abras te aparecer\u00e1n todas las novedades de GuidoBlogs, as\u00ed como de otros sitios que tengas \u00abagregados\u00bb.<\/p>\n","protected":false},"excerpt":{"rendered":"<p>\u00bfTodav\u00eda eres de los que entra en una p\u00e1gina web cada vez que quiere ver si han puesto algo nuevo? \u00a1Eso ya est\u00e1 pasado de moda! El RSS es el futuro (ejem, ejem, 1999). Con \u00e9l, en lugar de tener&hellip;<\/p>\n<p class=\"more-link-p\"><a class=\"more-link\" href=\"https:\/\/guidoblogs.org\/?page_id=28\">Read more &rarr;<\/a><\/p>\n","protected":false},"author":1,"featured_media":0,"parent":0,"menu_order":5,"comment_status":"open","ping_status":"open","template":"","meta":{"jetpack_post_was_ever_published":false,"footnotes":""},"class_list":["post-28","page","type-page","status-publish","hentry"],"jetpack_shortlink":"https:\/\/wp.me\/P26BS1-s","jetpack_sharing_enabled":true,"_links":{"self":[{"href":"https:\/\/guidoblogs.org\/index.php?rest_route=\/wp\/v2\/pages\/28","targetHints":{"allow":["GET"]}}],"collection":[{"href":"https:\/\/guidoblogs.org\/index.php?rest_route=\/wp\/v2\/pages"}],"about":[{"href":"https:\/\/guidoblogs.org\/index.php?rest_route=\/wp\/v2\/types\/page"}],"author":[{"embeddable":true,"href":"https:\/\/guidoblogs.org\/index.php?rest_route=\/wp\/v2\/users\/1"}],"replies":[{"embeddable":true,"href":"https:\/\/guidoblogs.org\/index.php?rest_route=%2Fwp%2Fv2%2Fcomments&post=28"}],"version-history":[{"count":0,"href":"https:\/\/guidoblogs.org\/index.php?rest_route=\/wp\/v2\/pages\/28\/revisions"}],"wp:attachment":[{"href":"https:\/\/guidoblogs.org\/index.php?rest_route=%2Fwp%2Fv2%2Fmedia&parent=28"}],"curies":[{"name":"wp","href":"https:\/\/api.w.org\/{rel}","templated":true}]}}