{"id":25,"date":"2012-01-04T16:21:32","date_gmt":"2012-01-04T15:21:32","guid":{"rendered":"http:\/\/guidoblogs.org\/?page_id=25"},"modified":"2012-01-04T19:46:37","modified_gmt":"2012-01-04T18:46:37","slug":"aprende-a-crear-tu-blog","status":"publish","type":"page","link":"https:\/\/guidoblogs.org\/?page_id=25","title":{"rendered":"Aprende a crear tu blog"},"content":{"rendered":"<p>\u00bfNos tienes envidia? \u00a1Pues an\u00edmate a crear tu propio blog!<\/p>\n<p>Existen dos plataformas gratuitas y muy sencillas de utilizar para la creaci\u00f3n de Blogs:<\/p>\n<ul>\n<li><a href=\"www.blogger.com\/start?hl=es\">Blogger<\/a>\u00a0(plataforma gestionada por google, f\u00e1cil de configurar)<\/li>\n<li><a href=\"http:\/\/wordpress.com\/\">WordPress<\/a>\u00a0(\u00abCode is poetry\u00bb, la sencillez de uso no le quita ni una pizca de potencia)<\/li>\n<\/ul>\n<p>Tambi\u00e9n puedes comprarte tu propio dominio (direcci\u00f3n web con el nombre que quieras) y alojamiento (ordenador de una empresa que ser\u00e1 el que tendr\u00e1 tu p\u00e1gina web siempre disponible) y as\u00ed tener un control total de tu web.<\/p>\n<p>Pr\u00f3ximamente pondremos m\u00e1s tutoriales que te puedan ayudar.<\/p>\n<p>Y cuando lo consigas:<strong> \u00a1ponte en contacto con nosotros para a\u00f1adirte a la red de GuidoBlogs!<\/strong><\/p>\n","protected":false},"excerpt":{"rendered":"<p>\u00bfNos tienes envidia? \u00a1Pues an\u00edmate a crear tu propio blog! Existen dos plataformas gratuitas y muy sencillas de utilizar para la creaci\u00f3n de Blogs: Blogger\u00a0(plataforma gestionada por google, f\u00e1cil de configurar) WordPress\u00a0(\u00abCode is poetry\u00bb, la sencillez de uso no le&hellip;<\/p>\n<p class=\"more-link-p\"><a class=\"more-link\" href=\"https:\/\/guidoblogs.org\/?page_id=25\">Read more &rarr;<\/a><\/p>\n","protected":false},"author":1,"featured_media":0,"parent":0,"menu_order":4,"comment_status":"open","ping_status":"open","template":"","meta":{"jetpack_post_was_ever_published":false,"footnotes":""},"class_list":["post-25","page","type-page","status-publish","hentry"],"jetpack_shortlink":"https:\/\/wp.me\/P26BS1-p","jetpack_sharing_enabled":true,"_links":{"self":[{"href":"https:\/\/guidoblogs.org\/index.php?rest_route=\/wp\/v2\/pages\/25","targetHints":{"allow":["GET"]}}],"collection":[{"href":"https:\/\/guidoblogs.org\/index.php?rest_route=\/wp\/v2\/pages"}],"about":[{"href":"https:\/\/guidoblogs.org\/index.php?rest_route=\/wp\/v2\/types\/page"}],"author":[{"embeddable":true,"href":"https:\/\/guidoblogs.org\/index.php?rest_route=\/wp\/v2\/users\/1"}],"replies":[{"embeddable":true,"href":"https:\/\/guidoblogs.org\/index.php?rest_route=%2Fwp%2Fv2%2Fcomments&post=25"}],"version-history":[{"count":0,"href":"https:\/\/guidoblogs.org\/index.php?rest_route=\/wp\/v2\/pages\/25\/revisions"}],"wp:attachment":[{"href":"https:\/\/guidoblogs.org\/index.php?rest_route=%2Fwp%2Fv2%2Fmedia&parent=25"}],"curies":[{"name":"wp","href":"https:\/\/api.w.org\/{rel}","templated":true}]}}