{"id":2113,"date":"2012-03-25T12:04:03","date_gmt":"2012-03-25T11:04:03","guid":{"rendered":"http:\/\/guidoblogs.org\/?page_id=2113"},"modified":"2013-01-08T12:25:03","modified_gmt":"2013-01-08T11:25:03","slug":"250312-la-petita-orquestra","status":"publish","type":"page","link":"https:\/\/guidoblogs.org\/?page_id=2113","title":{"rendered":"25\/03\/12 &#8211; La Petita Orquestra"},"content":{"rendered":"<div style=\"text-align: justify;\"><span class=\"Apple-style-span\" style=\"font-family: Arial, Helvetica, sans-serif;\"><span class=\"Apple-style-span\" style=\"font-size: x-small;\">\u00ab<\/span><\/span><a href=\"http:\/\/lapetitaorquestra.blogspot.com\/\"><span class=\"Apple-style-span\" style=\"font-family: Arial, Helvetica, sans-serif;\"><span class=\"Apple-style-span\" style=\"font-size: x-small;\">La Petita Orquestra<\/span><\/span><\/a><span class=\"Apple-style-span\" style=\"font-family: Arial, Helvetica, sans-serif;\"><span class=\"Apple-style-span\" style=\"font-size: x-small;\">\u00bb es un bloc de partituras gratis para orquestas de cuerda infantiles que empez\u00f3 su recorrido en enero de 2010.<\/span><\/span><\/div>\n<div style=\"text-align: justify;\"><span class=\"Apple-style-span\" style=\"font-family: Arial, Helvetica, sans-serif;\"><span class=\"Apple-style-span\" style=\"font-size: x-small;\"><br \/>\n<\/span><\/span><\/div>\n<div style=\"text-align: justify;\"><span class=\"Apple-style-span\" style=\"font-family: Arial, Helvetica, sans-serif;\"><span class=\"Apple-style-span\" style=\"font-size: x-small;\"><br \/>\n<\/span><\/span><\/div>\n<div style=\"text-align: justify;\"><strong><span class=\"Apple-style-span\" style=\"font-family: Arial, Helvetica, sans-serif;\"><span class=\"Apple-style-span\" style=\"font-size: x-small;\">Un poco de historia<\/span><\/span><\/strong><\/div>\n<div style=\"text-align: justify;\"><span class=\"Apple-style-span\" style=\"font-family: Arial, Helvetica, sans-serif;\"><span class=\"Apple-style-span\" style=\"font-size: x-small;\"><br \/>\n<\/span><\/span><\/div>\n<div style=\"text-align: justify;\"><span class=\"Apple-style-span\" style=\"font-family: Arial, Helvetica, sans-serif;\"><span class=\"Apple-style-span\" style=\"font-size: x-small;\">Corr\u00eda el curso 2005-2006 cuando empec\u00e9 a dirigir mi primer conjunto instrumental de cuerdas formado por alumnos de 1\u00ba y 2\u00ba curso de elemental. Precisamente, los componentes de aquel primer conjunto decidieron llamarlo \u00abLa Petita Orquestra\u00bb y de ah\u00ed que, cuando en enero de 2010, empec\u00e9 a publicar mi blog, lo bautizara con ese mismo nombre.<\/span><\/span><\/div>\n<div style=\"text-align: justify;\"><span class=\"Apple-style-span\" style=\"font-family: Arial, Helvetica, sans-serif;\"><span class=\"Apple-style-span\" style=\"font-size: x-small;\"><br \/>\n<\/span><\/span><\/div>\n<div style=\"text-align: justify;\"><span class=\"Apple-style-span\" style=\"font-family: Arial, Helvetica, sans-serif;\"><span class=\"Apple-style-span\" style=\"font-size: x-small;\">Desde que dirig\u00ed por primera vez una orquesta de cuerda infantil hasta el d\u00eda de hoy, he ido confeccionando y coleccionando una serie arreglos y partituras que comparto con todos vosotros en mi blog.<\/span><\/span><\/div>\n<div style=\"text-align: justify;\"><span class=\"Apple-style-span\" style=\"font-family: Arial, Helvetica, sans-serif;\"><span class=\"Apple-style-span\" style=\"font-size: x-small;\"><br \/>\n<\/span><\/span><\/div>\n<div style=\"text-align: justify;\"><span class=\"Apple-style-span\" style=\"font-family: Arial, Helvetica, sans-serif;\"><span class=\"Apple-style-span\" style=\"font-size: x-small;\"><br \/>\n<\/span><\/span><\/div>\n<div style=\"text-align: justify;\"><strong><span class=\"Apple-style-span\" style=\"font-family: Arial, Helvetica, sans-serif;\"><span class=\"Apple-style-span\" style=\"font-size: x-small;\">Contenido<\/span><\/span><\/strong><\/div>\n<div style=\"text-align: justify;\"><strong><span class=\"Apple-style-span\" style=\"font-family: Arial, Helvetica, sans-serif;\"><span class=\"Apple-style-span\" style=\"font-size: x-small;\"><br \/>\n<\/span><\/span><\/strong><\/div>\n<div style=\"text-align: justify;\"><span class=\"Apple-style-span\" style=\"font-family: Arial, Helvetica, sans-serif;\"><span class=\"Apple-style-span\" style=\"font-size: x-small;\">Aunque en una primera etapa del blog, las partituras correspond\u00edan a arreglos de canciones populares catalanas, a lo largo del tiempo, he ido incorporando otro tipo de partituras. Cabe decir que, cuando las partituras son de reconocidos compositores de la historia de la m\u00fasica no se trata de arreglos, sino de obras (o movimientos sueltos) en su versi\u00f3n original.<\/span><\/span><\/div>\n<div style=\"text-align: justify;\"><span class=\"Apple-style-span\" style=\"font-family: Arial, Helvetica, sans-serif;\"><span class=\"Apple-style-span\" style=\"font-size: x-small;\"><br \/>\n<\/span><\/span><\/div>\n<div style=\"margin: 0px;\">\n<div style=\"text-align: justify;\"><span class=\"Apple-style-span\" style=\"font-family: Arial, Helvetica, sans-serif;\"><span class=\"Apple-style-span\" style=\"font-size: x-small;\">Todo el material del blog tiene como objetivo que los peque\u00f1os alumnos de cuerda puedan tocar en conjunto (con el profesor o con otros compa\u00f1eros) desde su primer contacto con el instrumento. Dado que los instrumentos de arco son b\u00e1sicamente mel\u00f3dicos, considero importante que, desde el primer momento, los alumnos aprendan a tocar en conjunto, teniendo en cuenta que cada uno toca un parte de un todo que debe sonar integrado.\u00a0<\/span><\/span><span class=\"Apple-style-span\" style=\"color: #444444;\"><span class=\"Apple-style-span\" style=\"font-family: Arial, Helvetica, sans-serif;\"><span class=\"Apple-style-span\" style=\"font-size: x-small;\">\u00a0<\/span><\/span><\/span><span class=\"Apple-style-span\" style=\"font-family: Arial, Helvetica, sans-serif;\"><span class=\"Apple-style-span\" style=\"font-size: x-small;\">Por este motivo,\u00a0considero\u00a0interesante\u00a0que se\u00a0trabaje\u00a0sobre\u00a0las\u00a0partituras\u00a0generales\u00a0ya\u00a0que\u00a0ayudan\u00a0a\u00a0entender\u00a0el\u00a0ensamblaje\u00a0de\u00a0la\u00a0obra. De todos modos, es recomendable que, tras las primeras lecturas con la partitura, las obras sean interpretadas de memoria.<\/span><\/span><span class=\"Apple-style-span\" style=\"line-height: 18px;\"><span class=\"Apple-style-span\" style=\"font-family: Arial, Helvetica, sans-serif;\"><span class=\"Apple-style-span\" style=\"font-size: x-small;\">\u00a0<\/span><\/span><\/span><\/div>\n<\/div>\n<div style=\"text-align: justify;\"><span class=\"Apple-style-span\" style=\"font-family: Arial, Helvetica, sans-serif;\"><span class=\"Apple-style-span\" style=\"font-size: x-small;\"><br \/>\n<\/span><\/span><\/div>\n<div style=\"text-align: justify;\"><span class=\"Apple-style-span\" style=\"font-family: Arial, Helvetica, sans-serif;\"><span class=\"Apple-style-span\" style=\"font-size: x-small;\">A modo de curiosidad, os adjunto un \u00edndice de las piezas publicadas a d\u00eda de hoy ordenadas por categor\u00edas:<\/span><\/span><\/div>\n<ul>\n<li style=\"text-align: justify;\"><em><span class=\"Apple-style-span\" style=\"font-family: Arial, Helvetica, sans-serif;\"><span class=\"Apple-style-span\" style=\"font-size: x-small;\">Canciones populares catalanas<\/span><\/span><\/em><span class=\"Apple-style-span\" style=\"font-family: Arial, Helvetica, sans-serif;\"><span class=\"Apple-style-span\" style=\"font-size: x-small;\">: \u00abPlou i fa sol\u00bb, \u00abPim, pam, repicam\u00bb, \u00abL&#8217;hereu Riera\u00bb, \u00abCargol treu banya\u00bb, \u00abLes nenes maques al demat\u00ed\u00bb, \u00abPedra, pedreta\u00bb, \u00abTon pare no t\u00e9 nas\u00bb, \u00abEn Jan Petit\u00bb, \u00abSalta Miralta\u00bb , \u00abSerra, serra, serrador\u00bb<\/span><\/span><\/li>\n<li style=\"text-align: justify;\"><em><span class=\"Apple-style-span\" style=\"font-family: Arial, Helvetica, sans-serif;\"><span class=\"Apple-style-span\" style=\"font-size: x-small;\">Canciones populares de otros pa\u00edses<\/span><\/span><\/em><span class=\"Apple-style-span\" style=\"font-family: Arial, Helvetica, sans-serif;\"><span class=\"Apple-style-span\" style=\"font-size: x-small;\">: \u00abHappy Birthday\u00bb, \u00abSur le pont d&#8217;Avignon\u00bb&#8230;<\/span><\/span><\/li>\n<li style=\"text-align: justify;\"><em><span class=\"Apple-style-span\" style=\"font-family: Arial, Helvetica, sans-serif;\"><span class=\"Apple-style-span\" style=\"font-size: x-small;\">Villancicos<\/span><\/span><\/em><span class=\"Apple-style-span\" style=\"font-family: Arial, Helvetica, sans-serif;\"><span class=\"Apple-style-span\" style=\"font-size: x-small;\">: \u00abAra ve Nadal\u00bb, \u00abEl rabad\u00e0\u00bb, \u00abEl 25 de desembre (Fum, fum, fum)\u00bb, \u00abWe Wish You A Merry Christmas\u00bb&#8230;<\/span><\/span><\/li>\n<li style=\"text-align: justify;\"><em><span class=\"Apple-style-span\" style=\"font-family: Arial, Helvetica, sans-serif;\"><span class=\"Apple-style-span\" style=\"font-size: x-small;\">Piezas de compositores del barroco<\/span><\/span><\/em><span class=\"Apple-style-span\" style=\"font-family: Arial, Helvetica, sans-serif;\"><span class=\"Apple-style-span\" style=\"font-size: x-small;\">: \u00abMenuet\u00bb de la suite Abdelazer de H. Purcell, \u00abBourr\u00e9e\u00bb de la M\u00fasica acu\u00e1tica de G.F. H\u00e4ndel, \u00abMenuet II\u00bb de la M\u00fasica para los reales fuegos de artificio de G.F. H\u00e4ndel&#8230;<\/span><\/span><\/li>\n<li style=\"text-align: justify;\"><em><span class=\"Apple-style-span\" style=\"font-family: Arial, Helvetica, sans-serif;\"><span class=\"Apple-style-span\" style=\"font-size: x-small;\">Piezas\u00a0de\u00a0compositores\u00a0del\u00a0clasicismo<\/span><\/span><\/em><span class=\"Apple-style-span\" style=\"font-family: Arial, Helvetica, sans-serif;\"><span class=\"Apple-style-span\" style=\"font-size: x-small;\">: \u00abMenuetto 21\u00bb de F. Schwindl, \u00abPeque\u00f1o Tr\u00edo n\u00fam.15\u00bb de J.B. Vanhal&#8230;<\/span><\/span><\/li>\n<li style=\"text-align: justify;\"><span class=\"Apple-style-span\" style=\"font-family: Arial, Helvetica, sans-serif;\"><span class=\"Apple-style-span\" style=\"font-size: x-small;\">\u00abPercuDITS!\u00bb una composici\u00f3n propia con cuerdas al aire, arm\u00f3nicos, pizzicatos de mano izquierda y percusi\u00f3n de pies y dedos. Buena postura y libertad de movimiento.<\/span><\/span><\/li>\n<\/ul>\n<div>\n<div style=\"text-align: justify;\"><strong><span class=\"Apple-style-span\" style=\"font-family: Arial, Helvetica, sans-serif;\"><span class=\"Apple-style-span\" style=\"font-size: x-small;\"><br \/>\n<\/span><\/span><\/strong><\/div>\n<div style=\"text-align: justify;\"><strong><span class=\"Apple-style-span\" style=\"font-family: Arial, Helvetica, sans-serif;\"><span class=\"Apple-style-span\" style=\"font-size: x-small;\">Ejemplos de partituras<\/span><\/span><\/strong><\/div>\n<div style=\"text-align: justify;\"><strong><span class=\"Apple-style-span\" style=\"font-family: Arial, Helvetica, sans-serif;\"><span class=\"Apple-style-span\" style=\"font-size: x-small;\"><br \/>\n<\/span><\/span><\/strong><\/div>\n<div style=\"text-align: center;\"><span class=\"Apple-style-span\" style=\"font-family: Arial, Helvetica, sans-serif;\"><span class=\"Apple-style-span\" style=\"font-size: x-small;\">1)\u00a0\u00abAra ve Nadal\u00bb, villancico popular catal\u00e1n.\u00a0Dado a mi afici\u00f3n a dibujar, muchas de las partituras van acompa\u00f1adas de ilustraciones que se pueden colorear.<\/span><\/span><\/div>\n<div class=\"separator\" style=\"clear: both; text-align: center; margin: 0px;\"><a style=\"margin-left: 1em; margin-right: 1em;\" href=\"http:\/\/1.bp.blogspot.com\/-W2QrFYuFN1U\/T11GWky3fGI\/AAAAAAAAAKU\/CpKYNLRJ8PM\/s1600\/Ara+ve+Nadal.gif\"><span class=\"Apple-style-span\" style=\"font-family: Arial, Helvetica, sans-serif;\"><span class=\"Apple-style-span\" style=\"font-size: x-small;\"><img loading=\"lazy\" decoding=\"async\" src=\"http:\/\/1.bp.blogspot.com\/-W2QrFYuFN1U\/T11GWky3fGI\/AAAAAAAAAKU\/CpKYNLRJ8PM\/s400\/Ara+ve+Nadal.gif\" alt=\"\" width=\"282\" height=\"400\" border=\"0\" \/><\/span><\/span><\/a><\/div>\n<div style=\"text-align: center;\">\n<div style=\"text-align: center;\"><span class=\"Apple-style-span\" style=\"font-family: Arial, Helvetica, sans-serif;\"><span class=\"Apple-style-span\" style=\"font-size: x-small;\"><br \/>\n<\/span><\/span><\/div>\n<\/div>\n<div style=\"text-align: center;\"><span class=\"Apple-style-span\" style=\"font-family: Arial, Helvetica, sans-serif;\"><span class=\"Apple-style-span\" style=\"font-size: x-small;\">2) \u00abPlou i fa sol\u00bb, canci\u00f3n popular catalana.<\/span><\/span><\/div>\n<div class=\"separator\" style=\"clear: both; text-align: center;\"><span class=\"Apple-style-span\" style=\"font-size: x-small; margin-left: 1em; margin-right: 1em;\"><img loading=\"lazy\" decoding=\"async\" src=\"http:\/\/3.bp.blogspot.com\/-Cwqearg7SjU\/T11K3agr13I\/AAAAAAAAAKc\/SWzKPWud7Yk\/s400\/Plou+i+fa+sol.gif\" alt=\"\" width=\"282\" height=\"400\" border=\"0\" \/><\/span><\/div>\n<div style=\"text-align: center;\"><span class=\"Apple-style-span\" style=\"font-family: Arial, Helvetica, sans-serif;\"><span class=\"Apple-style-span\" style=\"font-size: x-small;\"><br \/>\n<\/span><\/span><\/div>\n<div style=\"text-align: center;\"><span class=\"Apple-style-span\" style=\"font-family: Arial, Helvetica, sans-serif;\"><span class=\"Apple-style-span\" style=\"font-size: x-small;\">3) \u00abBourr\u00e9\u00bb de la Suite n\u00famero 3 en Re Mayor (HWV 349) de la <\/span><\/span><em><span class=\"Apple-style-span\" style=\"font-family: Arial, Helvetica, sans-serif;\"><span class=\"Apple-style-span\" style=\"font-size: x-small;\">M\u00fasica acu\u00e1tica<\/span><\/span><\/em><span class=\"Apple-style-span\" style=\"font-family: Arial, Helvetica, sans-serif;\"><span class=\"Apple-style-span\" style=\"font-size: x-small;\"> de G.F. H\u00e4ndel.<\/span><\/span><\/div>\n<div class=\"separator\" style=\"clear: both; text-align: center;\"><a style=\"margin-left: 1em; margin-right: 1em;\" href=\"http:\/\/4.bp.blogspot.com\/-87lTsHgLTjg\/T11GFcJafSI\/AAAAAAAAAKM\/ADBtpqwONuw\/s1600\/Ha%CC%88ndel_Bourre%CC%81e.gif\"><span class=\"Apple-style-span\" style=\"font-family: Arial, Helvetica, sans-serif;\"><span class=\"Apple-style-span\" style=\"font-size: x-small;\"><img loading=\"lazy\" decoding=\"async\" src=\"http:\/\/4.bp.blogspot.com\/-87lTsHgLTjg\/T11GFcJafSI\/AAAAAAAAAKM\/ADBtpqwONuw\/s400\/Ha%CC%88ndel_Bourre%CC%81e.gif\" alt=\"\" width=\"282\" height=\"400\" border=\"0\" \/><\/span><\/span><\/a><\/div>\n<div style=\"text-align: center;\"><strong><span class=\"Apple-style-span\" style=\"font-weight: normal;\"><span class=\"Apple-style-span\" style=\"font-family: Arial, Helvetica, sans-serif;\"><span class=\"Apple-style-span\" style=\"font-size: x-small;\"><br \/>\n<\/span><\/span><\/span><\/strong><\/div>\n<div style=\"text-align: center;\"><span class=\"Apple-style-span\" style=\"font-family: Arial, Helvetica, sans-serif;\"><span class=\"Apple-style-span\" style=\"font-size: x-small;\"><br \/>\n<\/span><\/span><\/div>\n<div style=\"text-align: justify;\"><strong><span class=\"Apple-style-span\" style=\"font-family: Arial, Helvetica, sans-serif;\"><span class=\"Apple-style-span\" style=\"font-size: x-small;\">Sigue \u00abLa Petita Orquestra\u00bb<\/span><\/span><\/strong><\/div>\n<div style=\"text-align: justify;\"><strong><span class=\"Apple-style-span\" style=\"font-family: Arial, Helvetica, sans-serif;\"><span class=\"Apple-style-span\" style=\"font-size: x-small;\"><br \/>\n<\/span><\/span><\/strong><\/div>\n<div style=\"text-align: justify;\"><span class=\"Apple-style-span\" style=\"font-family: Arial, Helvetica, sans-serif;\"><span class=\"Apple-style-span\" style=\"font-size: x-small;\">Pod\u00e9is seguir mi blog a trav\u00e9s de:<\/span><\/span><\/div>\n<ul>\n<li style=\"text-align: justify;\"><span class=\"Apple-style-span\" style=\"font-family: Arial, Helvetica, sans-serif;\"><span class=\"Apple-style-span\" style=\"font-size: x-small;\">Blogger:\u00a0<\/span><\/span><a href=\"http:\/\/lapetitaorquestra.blogspot.com\/\"><span class=\"Apple-style-span\" style=\"font-family: Arial, Helvetica, sans-serif;\"><span class=\"Apple-style-span\" style=\"font-size: x-small;\">http:\/\/lapetitaorquestra.blogspot.com\/<\/span><\/span><\/a><\/li>\n<li style=\"text-align: justify;\"><span class=\"Apple-style-span\" style=\"font-family: Arial, Helvetica, sans-serif;\"><span class=\"Apple-style-span\" style=\"font-size: x-small;\">Facebook:\u00a0<\/span><\/span><a href=\"http:\/\/www.facebook.com\/lapetitaorquestra\"><span class=\"Apple-style-span\" style=\"font-family: Arial, Helvetica, sans-serif;\"><span class=\"Apple-style-span\" style=\"font-size: x-small;\">http:\/\/www.facebook.com\/lapetitaorquestra<\/span><\/span><\/a><span class=\"Apple-style-span\" style=\"font-family: Arial, Helvetica, sans-serif;\"><span class=\"Apple-style-span\" style=\"font-size: x-small;\">\u00a0y\u00a0<\/span><\/span><a href=\"http:\/\/www.facebook.com\/PetitaOrquestra\"><span class=\"Apple-style-span\" style=\"font-family: Arial, Helvetica, sans-serif;\"><span class=\"Apple-style-span\" style=\"font-size: x-small;\">http:\/\/www.facebook.com\/PetitaOrquestra<\/span><\/span><\/a><\/li>\n<li style=\"text-align: justify;\"><span class=\"Apple-style-span\" style=\"font-family: Arial, Helvetica, sans-serif;\"><span class=\"Apple-style-span\" style=\"font-size: x-small;\">YouTube:\u00a0<\/span><\/span><a href=\"http:\/\/www.youtube.com\/user\/lapetitaorquestra\"><span class=\"Apple-style-span\" style=\"font-family: Arial, Helvetica, sans-serif;\"><span class=\"Apple-style-span\" style=\"font-size: x-small;\">http:\/\/www.youtube.com\/user\/lapetitaorquestra<\/span><\/span><\/a><\/li>\n<\/ul>\n<div style=\"text-align: justify;\"><span class=\"Apple-style-span\" style=\"font-family: Arial, Helvetica, sans-serif;\"><span class=\"Apple-style-span\" style=\"font-size: x-small;\"><br \/>\n<\/span><\/span><\/div>\n<div style=\"text-align: justify;\"><span class=\"Apple-style-span\" style=\"font-family: Arial, Helvetica, sans-serif;\"><span class=\"Apple-style-span\" style=\"font-size: x-small;\"><br \/>\n<\/span><\/span><\/div>\n<div style=\"text-align: justify;\"><strong><span class=\"Apple-style-span\" style=\"font-family: Arial, Helvetica, sans-serif;\"><span class=\"Apple-style-span\" style=\"font-size: x-small;\">Agradecimientos<\/span><\/span><\/strong><\/div>\n<\/div>\n<div style=\"text-align: justify;\"><span class=\"Apple-style-span\" style=\"color: #444444;\"><span class=\"Apple-style-span\" style=\"line-height: 18px;\"><span class=\"Apple-style-span\" style=\"color: black;\"><span class=\"Apple-style-span\" style=\"line-height: normal;\"><span class=\"Apple-style-span\" style=\"font-family: Arial, Helvetica, sans-serif;\"><span class=\"Apple-style-span\" style=\"font-size: x-small;\"><br \/>\n<\/span><\/span><\/span><\/span><\/span><\/span><\/div>\n<div style=\"text-align: justify;\"><span class=\"Apple-style-span\" style=\"font-family: Arial, Helvetica, sans-serif;\"><span class=\"Apple-style-span\" style=\"font-size: x-small;\">Gracias a los visitantes y seguidores del blog, de las p\u00e1ginas de Facebook y del canal YouTube de \u00abLa Petita Orquestra\u00bb.<\/span><\/span><\/div>\n<div style=\"text-align: justify;\"><span class=\"Apple-style-span\" style=\"font-family: Arial, Helvetica, sans-serif;\"><span class=\"Apple-style-span\" style=\"font-size: x-small;\"><br \/>\n<\/span><\/span><\/div>\n<div style=\"text-align: justify;\"><span class=\"Apple-style-span\" style=\"font-family: Arial, Helvetica, sans-serif;\"><span class=\"Apple-style-span\" style=\"font-size: x-small;\">N<\/span><span class=\"Apple-style-span\" style=\"font-size: x-small;\">o<\/span><span class=\"Apple-style-span\" style=\"font-size: x-small;\">\u00a0<\/span><span class=\"Apple-style-span\" style=\"font-size: x-small;\">quiero terminar sin agradecer tambi\u00e9n la oportunidad que me brindan GuidoBlogs y su creador, Jos\u00e9 Luis Miralles, para dar a conocer mi trabajo. Deseo que sea de vuestra utilidad.<\/span><\/span><\/div>\n<div style=\"text-align: justify;\"><span class=\"Apple-style-span\" style=\"font-family: Arial, Helvetica, sans-serif;\"><span class=\"Apple-style-span\" style=\"font-size: x-small;\"><br \/>\n<\/span><\/span><\/div>\n<div class=\"separator\" style=\"clear: both; text-align: center;\"><a style=\"clear: right; float: right; margin-bottom: 1em; margin-left: 1em;\" href=\"http:\/\/4.bp.blogspot.com\/-DQQ2TF0GWII\/T11PfmFwDgI\/AAAAAAAAAKk\/CCeThmszLeY\/s1600\/logo+1.gif\"><img loading=\"lazy\" decoding=\"async\" src=\"http:\/\/4.bp.blogspot.com\/-DQQ2TF0GWII\/T11PfmFwDgI\/AAAAAAAAAKk\/CCeThmszLeY\/s200\/logo+1.gif\" alt=\"\" width=\"200\" height=\"55\" border=\"0\" \/><\/a><\/div>\n<div style=\"text-align: justify;\"><span class=\"Apple-style-span\" style=\"font-family: Arial, Helvetica, sans-serif;\"><span class=\"Apple-style-span\" style=\"font-size: x-small;\"><br \/>\n<\/span><\/span><\/div>\n<div style=\"text-align: justify;\"><span class=\"Apple-style-span\" style=\"font-family: Arial, Helvetica, sans-serif;\"><span class=\"Apple-style-span\" style=\"font-size: x-small;\"><br \/>\n<\/span><\/span><\/div>\n","protected":false},"excerpt":{"rendered":"<p>\u00abLa Petita Orquestra\u00bb es un bloc de partituras gratis para orquestas de cuerda infantiles que empez\u00f3 su recorrido en enero de 2010. Un poco de historia Corr\u00eda el curso 2005-2006 cuando empec\u00e9 a dirigir mi primer conjunto instrumental de cuerdas&hellip;<\/p>\n<p class=\"more-link-p\"><a class=\"more-link\" href=\"https:\/\/guidoblogs.org\/?page_id=2113\">Read more &rarr;<\/a><\/p>\n","protected":false},"author":1,"featured_media":0,"parent":15,"menu_order":11,"comment_status":"open","ping_status":"closed","template":"","meta":{"jetpack_post_was_ever_published":false,"footnotes":""},"class_list":["post-2113","page","type-page","status-publish","hentry"],"jetpack_shortlink":"https:\/\/wp.me\/P26BS1-y5","jetpack_sharing_enabled":true,"_links":{"self":[{"href":"https:\/\/guidoblogs.org\/index.php?rest_route=\/wp\/v2\/pages\/2113","targetHints":{"allow":["GET"]}}],"collection":[{"href":"https:\/\/guidoblogs.org\/index.php?rest_route=\/wp\/v2\/pages"}],"about":[{"href":"https:\/\/guidoblogs.org\/index.php?rest_route=\/wp\/v2\/types\/page"}],"author":[{"embeddable":true,"href":"https:\/\/guidoblogs.org\/index.php?rest_route=\/wp\/v2\/users\/1"}],"replies":[{"embeddable":true,"href":"https:\/\/guidoblogs.org\/index.php?rest_route=%2Fwp%2Fv2%2Fcomments&post=2113"}],"version-history":[{"count":0,"href":"https:\/\/guidoblogs.org\/index.php?rest_route=\/wp\/v2\/pages\/2113\/revisions"}],"up":[{"embeddable":true,"href":"https:\/\/guidoblogs.org\/index.php?rest_route=\/wp\/v2\/pages\/15"}],"wp:attachment":[{"href":"https:\/\/guidoblogs.org\/index.php?rest_route=%2Fwp%2Fv2%2Fmedia&parent=2113"}],"curies":[{"name":"wp","href":"https:\/\/api.w.org\/{rel}","templated":true}]}}