{"id":2,"date":"2012-01-04T12:55:31","date_gmt":"2012-01-04T11:55:31","guid":{"rendered":"http:\/\/guidoblogs.org\/?page_id=2"},"modified":"2012-01-22T19:32:10","modified_gmt":"2012-01-22T18:32:10","slug":"pagina-ejemplo","status":"publish","type":"page","link":"https:\/\/guidoblogs.org\/?page_id=2","title":{"rendered":"Acerca de"},"content":{"rendered":"<p><strong>GuidoBlogs es un planeta de Blogs.<\/strong> \u00bfNo sabes qu\u00e9 es un planeta de Blogs? <a href=\"http:\/\/es.wikipedia.org\/wiki\/Planeta_(agregador)\">Por suerte la Wikipedia siempre nos saca de muchos apuros.<\/a><\/p>\n<p>Existen otros planetas de Blogs relacionados con <a href=\"http:\/\/www.aulablog.com\/planeta\/\">la educaci\u00f3n<\/a>, e incluso con <a href=\"http:\/\/eduplanetamusical.es\/\">la educaci\u00f3n musical<\/a>. Pero GuidoBlogs es el primer planeta de Blogs que se ocupa exclusivamente de los blogs de Profesores de Conservatorios y Escuelas de M\u00fasica.<\/p>\n<p><strong>\u00bfPor qu\u00e9 es importante GuidoBlogs?<\/strong><\/p>\n<p>Existen muchos blogs de docentes muy bien comunicados entre ellos. Tambi\u00e9n hay bastantes blogs de Profesores de M\u00fasica de colegios e institutos. Pero el caso de los Conservatorios es un tanto especial dentro del panorama educativo. Los blogs que existen parecen peque\u00f1os <em>oasis<\/em> en medio de internet: la mayor\u00eda est\u00e1n desconectados entre ellos y el di\u00e1logo no fluye entre sus autores. <span style=\"text-decoration: underline;\">GuidoBlogs quiere atajar ese problema desde la raiz<\/span>.<\/p>\n<p>Con la <strong>creaci\u00f3n de un listado<\/strong> lo m\u00e1s exhaustivo posible de todos los blogs gestionados por Profesores de Conservatorios o Escuelas de M\u00fasica se pretenden varias cosas:<\/p>\n<ol>\n<li><strong>Demostrar<\/strong> que los blogs de Profesores de Conservatorio no son un elemento anecd\u00f3tico en internet, existen de muchas tem\u00e1ticas diferentes y son de muy alta calidad.<\/li>\n<li><strong>Querer<\/strong> dinamizar el di\u00e1logo de la blogosfera de Conservatorios para poder compartir experiencias y recursos.<\/li>\n<li><strong>Crear<\/strong> una consciencia colectiva de grupo que disipe toda duda de que los docentes de Conservatorio \u00ab<a href=\"http:\/\/www.youtube.com\/watch?v=9u542RlIbek\">pasan<\/a>\u00bb de todo y terminar con el t\u00f3pico de que \u00abcada uno va la suya\u00bb.<\/li>\n<\/ol>\n<p><strong>Lista de Blogs y Planeta de Blogs<\/strong><\/p>\n<p>Este sitio alberga dos cosas parecidas pero algo distintas. Por una parte <strong>una lista<\/strong> de todos los Blogs de Profesores de Conservatorios y Escuelas de M\u00fasica, y al mismo tiempo, todo aquel blogger del listado que quiera puede ofrecer un peque\u00f1o extracto de sus entradas de su web en <strong>el planeta<\/strong> GuidoBlogs.<\/p>\n<p>Aparecer en la lista no obliga a formar parte del planeta. Esta es una decisi\u00f3n voluntaria. Pero de todas formas os animo a que lo hag\u00e1is por unas cuantas buenas razones:<\/p>\n<ul>\n<li>Conseguir mayor difusi\u00f3n de vuestros Blogs, sobretodo entre los docentes de Conservatorios y Escuelas de M\u00fasica<\/li>\n<li>Siempre se publicar\u00e1n peque\u00f1os extractos de vuestras entradas para que la gente a la que interese vaya directamente a visitaros a vuestro blog.<\/li>\n<li>Todos los enlaces har\u00e1n referencia a vuestras p\u00e1ginas y vosotros figurar\u00e9is como autores de vuestras entradas.<\/li>\n<li>La intenci\u00f3n del planeta es generar en vuestro blog mayor tr\u00e1fico de visitantes, no disminuirlo.<\/li>\n<\/ul>\n<p>Y todo esto se consigue con algo tan simple c\u00f3mo la direcci\u00f3n RSS de vuestro blog. (<a href=\"http:\/\/es.wikipedia.org\/wiki\/RSS\">Help me, Wikipedia!<\/a>)<\/p>\n<p>Cualquier Blog de la lista que quiera aparecer en el planeta GuidoBlogs deber\u00e1 dar su consentimiento expreso. Nunca se pondr\u00e1n las actualizaciones de ning\u00fan blog en el planeta GuidoBlogs sin la autorizaci\u00f3n del autor.<\/p>\n<p><strong>Y por \u00faltimo&#8230;<\/strong><\/p>\n<p>GuidoBlogs est\u00e1 gestionado por <a href=\"http:\/\/jlmirall.es\/oysiao\/\">Oysiao<\/a> (hasta que pida ayuda a gritos) y para cualquier duda no tem\u00e1is poneros en contacto conmigo\u00a0a trav\u00e9s de:<\/p>\n<p style=\"text-align: center;\"><em>mail <\/em>|<strong>\u00a0guidoblogs@gmail.com<\/strong><\/p>\n<p style=\"text-align: center;\"><strong><\/strong><em>twitter<\/em> |\u00a0<strong>@GuidoBlogs<\/strong><\/p>\n<p style=\"text-align: center;\"><em>facebook<\/em> |\u00a0<strong>Guido Blogs Profesores Conservatorio<\/strong><\/p>\n<blockquote><p><em>Este es mi regalo de Reyes del 2012 para toda la Comunidad Docente de Conservatorios. Espero que os guste, ya que no tengo el ticket de devoluci\u00f3n.<\/em><\/p><\/blockquote>\n<p style=\"text-align: right;\"><strong><em>nunca perdamos la ilusi\u00f3n por mejorar&#8230;<\/em><\/strong><\/p>\n<p>&nbsp;<\/p>\n","protected":false},"excerpt":{"rendered":"<p>GuidoBlogs es un planeta de Blogs. \u00bfNo sabes qu\u00e9 es un planeta de Blogs? Por suerte la Wikipedia siempre nos saca de muchos apuros. Existen otros planetas de Blogs relacionados con la educaci\u00f3n, e incluso con la educaci\u00f3n musical. Pero&hellip;<\/p>\n<p class=\"more-link-p\"><a class=\"more-link\" href=\"https:\/\/guidoblogs.org\/?page_id=2\">Read more &rarr;<\/a><\/p>\n","protected":false},"author":1,"featured_media":0,"parent":0,"menu_order":0,"comment_status":"open","ping_status":"closed","template":"","meta":{"jetpack_post_was_ever_published":false,"footnotes":""},"class_list":["post-2","page","type-page","status-publish","hentry"],"jetpack_shortlink":"https:\/\/wp.me\/P26BS1-2","jetpack_sharing_enabled":true,"_links":{"self":[{"href":"https:\/\/guidoblogs.org\/index.php?rest_route=\/wp\/v2\/pages\/2","targetHints":{"allow":["GET"]}}],"collection":[{"href":"https:\/\/guidoblogs.org\/index.php?rest_route=\/wp\/v2\/pages"}],"about":[{"href":"https:\/\/guidoblogs.org\/index.php?rest_route=\/wp\/v2\/types\/page"}],"author":[{"embeddable":true,"href":"https:\/\/guidoblogs.org\/index.php?rest_route=\/wp\/v2\/users\/1"}],"replies":[{"embeddable":true,"href":"https:\/\/guidoblogs.org\/index.php?rest_route=%2Fwp%2Fv2%2Fcomments&post=2"}],"version-history":[{"count":0,"href":"https:\/\/guidoblogs.org\/index.php?rest_route=\/wp\/v2\/pages\/2\/revisions"}],"wp:attachment":[{"href":"https:\/\/guidoblogs.org\/index.php?rest_route=%2Fwp%2Fv2%2Fmedia&parent=2"}],"curies":[{"name":"wp","href":"https:\/\/api.w.org\/{rel}","templated":true}]}}