{"id":1811,"date":"2012-03-01T10:53:13","date_gmt":"2012-03-01T09:53:13","guid":{"rendered":"http:\/\/guidoblogs.org\/?page_id=1811"},"modified":"2013-01-08T12:24:31","modified_gmt":"2013-01-08T11:24:31","slug":"10312-musikalsol","status":"publish","type":"page","link":"https:\/\/guidoblogs.org\/?page_id=1811","title":{"rendered":"1\/03\/12 &#8211; MusikalSol"},"content":{"rendered":"<p>Apenas unos d\u00edas despu\u00e9s de entrar a formar parte del planeta GuidoBlogs y antes casi de haber iniciado nuestro camino, Jos\u00e9 Luis Miralles nos brinda la oportunidad de hacer una presentaci\u00f3n de la bit\u00e1cora de MusikalSol. Gracias, Jos\u00e9 Luis. All\u00e1 vamos:<\/p>\n<p><strong>\u00bfQu\u00e9 es MusikalSol?<\/strong><\/p>\n<p><a href=\"http:\/\/www.musikalsol.wordpress.com\/\">MusikalSol<\/a> es un campamento musical para ni\u00f1os de 8 a 14 a\u00f1os que nace de la uni\u00f3n de <a href=\"http:\/\/www.solmenor.es\/\">Sol Menor<\/a> y <a href=\"http:\/\/www.musikum.es\/\">Musikum<\/a>, dos escuelas de m\u00fasica de la periferia de Madrid que comparten el inter\u00e9s por renovar la ense\u00f1anza musical de este pa\u00eds \u2014intentando hacerla m\u00e1s din\u00e1mica y divertida, pero sin perder la calidad necesaria para tener opciones de futuro\u2014 y que se asocian en esta ocasi\u00f3n para sacar adelante un nuevo proyecto que nos parece, adem\u00e1s de interesant\u00edsimo, altamente educativo.<\/p>\n<p><strong>\u00bfEn qu\u00e9 consiste el proyecto?<\/strong><\/p>\n<p>Aunque conseguir que un grupo de personas que vienen de lados distintos se pongan de acuerdo para lograr un objetivo com\u00fan suele ser empresa complicada, eso es precisamente lo que vamos a tratar de llevar a cabo en MusikalSol: trece d\u00edas de convivencia para crear un teatro musical hecho por todos.<\/p>\n<p>Inspirados en el proyecto que hace m\u00e1s de veinte a\u00f1os iniciara Bruce Taylor en el Metropolitan de Nueva York y que en 2006 lleg\u00f3 a Espa\u00f1a convertido en lo que hoy se conoce como <em>Proyecto Lova <\/em>(La \u00f3pera como veh\u00edculo de aprendizaje)<em>, <\/em>pero benefici\u00e1ndonos de la intensidad y los v\u00ednculos que se crean gracias a la convivencia las 24 horas del d\u00eda, los alumnos del campamento se convertir\u00e1n en compositores, arreglistas e int\u00e9rpretes de su propia obra, que representar\u00e1n en p\u00fablico el \u00faltimo s\u00e1bado del mes de julio.<\/p>\n<p><strong>\u00bfAlgo m\u00e1s?<\/strong><\/p>\n<p>S\u00ed, claro, al tratarse de un campamento dirigido a ni\u00f1os entre 8 y 14 a\u00f1os y desarrollarse durante la \u00e9poca estival en un entorno de naturaleza que, probable y lamentablemente, pocos de los asistentes habr\u00e1n vivido nunca, aprovecharemos para compaginar las actividades musicales con otras de car\u00e1cter mucho m\u00e1s l\u00fadico pero igualmente constructivas.<\/p>\n<p>Eso con monitores especializados, que no terminamos de ver a algunos de los profesores de m\u00fasica subidos a una tirolina\u2026<strong>\u00a0<\/strong><\/p>\n<p><strong>\u00bfPor qu\u00e9 un blog?<\/strong><\/p>\n<p>Hoy en d\u00eda, un blog es un canal m\u00e1s para difundir, formar y, en nuestro caso, reforzar el v\u00ednculo entre alumnos y el sentimiento de grupo. A trav\u00e9s de \u00e9l, esperamos que no s\u00f3lo los profesores sino tambi\u00e9n los alumnos puedan expresarse y compartir el d\u00eda a d\u00eda del proyecto.<\/p>\n<p>Y bueno, conoci\u00e9ndonos un poco\u2026 probablemente caeremos en art\u00edculos que, aunque no directamente con nuestro campamento, est\u00e9n relacionados de alg\u00fan modo con la educaci\u00f3n musical en grupo, a trav\u00e9s de instrumentos, coro infantil\u2026 Ya veremos, \u00a1esto es s\u00f3lo el comienzo!<\/p>\n<div><\/div>\n","protected":false},"excerpt":{"rendered":"<p>Apenas unos d\u00edas despu\u00e9s de entrar a formar parte del planeta GuidoBlogs y antes casi de haber iniciado nuestro camino, Jos\u00e9 Luis Miralles nos brinda la oportunidad de hacer una presentaci\u00f3n de la bit\u00e1cora de MusikalSol. Gracias, Jos\u00e9 Luis. All\u00e1&hellip;<\/p>\n<p class=\"more-link-p\"><a class=\"more-link\" href=\"https:\/\/guidoblogs.org\/?page_id=1811\">Read more &rarr;<\/a><\/p>\n","protected":false},"author":1,"featured_media":0,"parent":15,"menu_order":9,"comment_status":"open","ping_status":"closed","template":"","meta":{"jetpack_post_was_ever_published":false,"footnotes":""},"class_list":["post-1811","page","type-page","status-publish","hentry"],"jetpack_shortlink":"https:\/\/wp.me\/P26BS1-td","jetpack_sharing_enabled":true,"_links":{"self":[{"href":"https:\/\/guidoblogs.org\/index.php?rest_route=\/wp\/v2\/pages\/1811","targetHints":{"allow":["GET"]}}],"collection":[{"href":"https:\/\/guidoblogs.org\/index.php?rest_route=\/wp\/v2\/pages"}],"about":[{"href":"https:\/\/guidoblogs.org\/index.php?rest_route=\/wp\/v2\/types\/page"}],"author":[{"embeddable":true,"href":"https:\/\/guidoblogs.org\/index.php?rest_route=\/wp\/v2\/users\/1"}],"replies":[{"embeddable":true,"href":"https:\/\/guidoblogs.org\/index.php?rest_route=%2Fwp%2Fv2%2Fcomments&post=1811"}],"version-history":[{"count":0,"href":"https:\/\/guidoblogs.org\/index.php?rest_route=\/wp\/v2\/pages\/1811\/revisions"}],"up":[{"embeddable":true,"href":"https:\/\/guidoblogs.org\/index.php?rest_route=\/wp\/v2\/pages\/15"}],"wp:attachment":[{"href":"https:\/\/guidoblogs.org\/index.php?rest_route=%2Fwp%2Fv2%2Fmedia&parent=1811"}],"curies":[{"name":"wp","href":"https:\/\/api.w.org\/{rel}","templated":true}]}}