{"id":1685,"date":"2012-02-24T01:05:32","date_gmt":"2012-02-24T00:05:32","guid":{"rendered":"http:\/\/guidoblogs.org\/?page_id=1685"},"modified":"2013-01-08T12:24:24","modified_gmt":"2013-01-08T11:24:24","slug":"240212-clase-de-tuba-del-conservatorio-de-gijon","status":"publish","type":"page","link":"https:\/\/guidoblogs.org\/?page_id=1685","title":{"rendered":"24\/02\/12 &#8211; Clase de Tuba del Conservatorio de Gij\u00f3n"},"content":{"rendered":"<p>El rinc\u00f3n \u00abTubero\u00bb del Conser de Gij\u00f3n<\/p>\n<div style=\"text-align: justify;\">Pues si chicos, todo llega, solo hay que tener paciencia, trabajar duro y saber esperar a que los frutos del trabajo realizado se hagan patentes. Esto es algo que los profes solemos decir mucho a nuestros alumnos, pero cuando esto le toca a uno mismo, la cara de felicidad se hace mas patente.<\/div>\n<div style=\"text-align: justify;\">Y si, cuando Jos\u00e9 Lu\u00eds Miralles, creador de <a href=\"http:\/\/guidoblogs.org\/\" target=\"_blank\">Guidoblogs<\/a>, se puso en contacto conmigo para que presentara mi blog en este portal me puse \u00a0la mar de contento.<\/div>\n<div class=\"separator\" style=\"clear: both; text-align: center;\"><a style=\"clear: right; float: right; margin-bottom: 1em; margin-left: 1em;\" href=\"http:\/\/2.bp.blogspot.com\/-yOyuyH541QQ\/T0JlrZQPQeI\/AAAAAAAAAI0\/bFYLcvzDSfo\/s1600\/IMG_0808.JPG\"><img loading=\"lazy\" decoding=\"async\" src=\"http:\/\/2.bp.blogspot.com\/-yOyuyH541QQ\/T0JlrZQPQeI\/AAAAAAAAAI0\/bFYLcvzDSfo\/s200\/IMG_0808.JPG\" alt=\"\" width=\"200\" height=\"149\" border=\"0\" \/><\/a><\/div>\n<div style=\"text-align: justify;\">El Blog de la <a href=\"http:\/\/clasedetubaconsergijon.blogspot.com\/\" target=\"_blank\">Clase de Tuba del Conservatorio de Gij\u00f3n<\/a>, surge con la idea de mostrar, a propios y extra\u00f1os, todas las actividades que se realizan en esta clase, desde las formativas, pasando por las extraordinarias, y terminando en las que realizan tanto los alumnos como el profesor dentro y fuera del propio centro.<\/div>\n<div style=\"text-align: justify;\">Para mi, como profe de tuba, siempre ha sido muy importante explicar a padres, madres, alumnos y p\u00fablico en general, todos los beneficios que tiene este instrumento tan desconocido. Este desconocimiento ha provocado que durante muchos a\u00f1os, la tuba fuera un instrumento infravalorado, incluso por los propios m\u00fasicos.<\/div>\n<div style=\"text-align: justify;\"><\/div>\n<div class=\"separator\" style=\"clear: both; text-align: center;\"><a style=\"clear: left; float: left; margin-bottom: 1em; margin-right: 1em;\" href=\"http:\/\/3.bp.blogspot.com\/-Y8Dp1H7Oots\/T0JosB4m8bI\/AAAAAAAAAI8\/pDrV0MnytnA\/s1600\/IMG_0939.JPG\"><img loading=\"lazy\" decoding=\"async\" src=\"http:\/\/3.bp.blogspot.com\/-Y8Dp1H7Oots\/T0JosB4m8bI\/AAAAAAAAAI8\/pDrV0MnytnA\/s200\/IMG_0939.JPG\" alt=\"\" width=\"200\" height=\"149\" border=\"0\" \/><\/a><\/div>\n<div style=\"text-align: justify;\">Pero poco a poco, \u00a0con tes\u00f3n y trabajo, la clase de tuba del Conservatorio de Gij\u00f3n ha ido tomando la entidad que a mi juicio merece cualquier instrumento que se ense\u00f1a en un Conservatorio. Ahora, con 13 alumnos de tuba \u00a0y bombardino, hemos podido formar el Ensemble de Tubas y Bombardinos del conservatorio, y participar en cuantos eventos musicales se organizan en el centro, lo cual hace que los alumnos, del nivel que sea, puedan disfrutar de la m\u00fasica en grupo, y a la vez podamos demostrar todas las capacidades de este fant\u00e1stico instrumento.<\/div>\n<div style=\"text-align: justify;\"><\/div>\n<div style=\"text-align: justify;\"><\/div>\n<div class=\"separator\" style=\"clear: both; text-align: center;\"><a style=\"clear: right; float: right; margin-bottom: 1em; margin-left: 1em;\" href=\"http:\/\/1.bp.blogspot.com\/-QSJ0Rx44OJA\/T0JqAGiUgSI\/AAAAAAAAAJE\/0aZ-lRtAdEc\/s1600\/IMG_0775.JPG\"><img loading=\"lazy\" decoding=\"async\" src=\"http:\/\/1.bp.blogspot.com\/-QSJ0Rx44OJA\/T0JqAGiUgSI\/AAAAAAAAAJE\/0aZ-lRtAdEc\/s200\/IMG_0775.JPG\" alt=\"\" width=\"200\" height=\"149\" border=\"0\" \/><\/a><\/div>\n<div style=\"text-align: justify;\">Tambi\u00e9n decir que, para m\u00ed, lo mas importante es el trabajo en grupo, que lo realizamos varias veces por semana siempre que los alumnos, tanto mayores como peques pueden. Esto hace que el ambiente de clase sea muy bueno y sobre todo que los peques copien a los mayores, consiguiendo que los primeros avancen mucho mas r\u00e1pido que si solo se relacionar\u00e1n con los de su mismo curso.<\/div>\n<div style=\"text-align: justify;\"><\/div>\n<div style=\"text-align: justify;\">Pues nada, espero que con esta presentaci\u00f3n vuestro inter\u00e9s por el mundo \u00abtubero\u00bb haya aumentado de forma exponencial. Os animo a que nos sig\u00e1is en nuestro blog.<\/div>\n<div style=\"text-align: justify;\"><\/div>\n<div style=\"text-align: justify;\">Un Afectuoso Saludo<\/div>\n<p>David Mu\u00f1oz Vel\u00e1zquez.<\/p>\n<p>Blog: <a href=\"http:\/\/clasedetubaconsergijon.blogspot.com\">http:\/\/clasedetubaconsergijon.blogspot.com<\/a><\/p>\n","protected":false},"excerpt":{"rendered":"<p>El rinc\u00f3n \u00abTubero\u00bb del Conser de Gij\u00f3n Pues si chicos, todo llega, solo hay que tener paciencia, trabajar duro y saber esperar a que los frutos del trabajo realizado se hagan patentes. Esto es algo que los profes solemos decir&hellip;<\/p>\n<p class=\"more-link-p\"><a class=\"more-link\" href=\"https:\/\/guidoblogs.org\/?page_id=1685\">Read more &rarr;<\/a><\/p>\n","protected":false},"author":1,"featured_media":0,"parent":15,"menu_order":8,"comment_status":"open","ping_status":"closed","template":"","meta":{"jetpack_post_was_ever_published":false,"footnotes":""},"class_list":["post-1685","page","type-page","status-publish","hentry"],"jetpack_shortlink":"https:\/\/wp.me\/P26BS1-rb","jetpack_sharing_enabled":true,"_links":{"self":[{"href":"https:\/\/guidoblogs.org\/index.php?rest_route=\/wp\/v2\/pages\/1685","targetHints":{"allow":["GET"]}}],"collection":[{"href":"https:\/\/guidoblogs.org\/index.php?rest_route=\/wp\/v2\/pages"}],"about":[{"href":"https:\/\/guidoblogs.org\/index.php?rest_route=\/wp\/v2\/types\/page"}],"author":[{"embeddable":true,"href":"https:\/\/guidoblogs.org\/index.php?rest_route=\/wp\/v2\/users\/1"}],"replies":[{"embeddable":true,"href":"https:\/\/guidoblogs.org\/index.php?rest_route=%2Fwp%2Fv2%2Fcomments&post=1685"}],"version-history":[{"count":0,"href":"https:\/\/guidoblogs.org\/index.php?rest_route=\/wp\/v2\/pages\/1685\/revisions"}],"up":[{"embeddable":true,"href":"https:\/\/guidoblogs.org\/index.php?rest_route=\/wp\/v2\/pages\/15"}],"wp:attachment":[{"href":"https:\/\/guidoblogs.org\/index.php?rest_route=%2Fwp%2Fv2%2Fmedia&parent=1685"}],"curies":[{"name":"wp","href":"https:\/\/api.w.org\/{rel}","templated":true}]}}