{"id":1606,"date":"2012-02-16T11:00:39","date_gmt":"2012-02-16T10:00:39","guid":{"rendered":"http:\/\/guidoblogs.org\/?page_id=1606"},"modified":"2013-01-08T12:24:07","modified_gmt":"2013-01-08T11:24:07","slug":"16-02-12-papeles-de-musica","status":"publish","type":"page","link":"https:\/\/guidoblogs.org\/?page_id=1606","title":{"rendered":"16-02-12 &#8211; Papeles de M\u00fasica"},"content":{"rendered":"<p style=\"text-align: justify;\"><a href=\"http:\/\/papelesdemusica.files.wordpress.com\/2013\/01\/logo-pdm1.jpg\"><img loading=\"lazy\" decoding=\"async\" class=\"alignleft  wp-image-5912\" style=\"margin: 4px;\" title=\"Logo Papeles de M\u00fasica \" src=\"http:\/\/papelesdemusica.files.wordpress.com\/2013\/01\/logo-pdm1.jpg?w=300\" alt=\"\" width=\"210\" height=\"99\" \/><\/a>Hoy toca presentar Papeles de M\u00fasica, un blog dedicado a las <strong>Bibliotecas, Archivos y Centros de Documentaci\u00f3n musicales<\/strong>. Vaya por delante que la idea de Jos\u00e9 Luis para crear <strong>Guido Blogs<\/strong> me parece una inciativa genial, y el que haya cre\u00eddo que este blog deb\u00eda aparecer aqu\u00ed pese a no estar creado por un\/a profesor\/a de conservatorio, me hace ver que realmente hay quien se da cuenta de la importancia que esta disciplina tiene para la educaci\u00f3n musical.<\/p>\n<p style=\"text-align: justify;\">La <strong>documentaci\u00f3n musical<\/strong> se presenta ante nosotros de muchas formas y en muchos lugares. Agrupemos bajo ese nombre a cualquier tipo de documento que contenga m\u00fasica o hable sobre ella, aunque cabr\u00eda diferenciar a los documentos \u201cque est\u00e1n hechos para sonar\u201d (los propiamente \u00abdocumentos musicales\u00bb) de los que hablan sobre <a href=\"http:\/\/papelesdemusica.files.wordpress.com\/2011\/12\/biblioteca-donosti.jpg\"><img loading=\"lazy\" decoding=\"async\" class=\" wp-image-5910     alignright\" style=\"margin: 4px;\" title=\"Biblioteca escuela municipal de donostia\" src=\"http:\/\/papelesdemusica.files.wordpress.com\/2011\/12\/biblioteca-donosti.jpg?w=300\" alt=\"Biblioteca de la Escuela Municipal de M\u00fasica y Danza de Donostia.  Visto en bookhunterblog.wordpress.com\" width=\"180\" height=\"120\" \/><\/a>m\u00fasica en cualquiera de sus aspectos. Y est\u00e1n en <strong>bilbiotecas<\/strong> <strong>escolares<\/strong> especializadas (conservatorios elementales, medios, escuelas de m\u00fasica), <strong>conservatorios<\/strong> superiores, <strong>bibliotecas p\u00fablicas y nacionales,<\/strong> centros de documentaci\u00f3n, <strong>archivos,<\/strong> p\u00fablicos y privados, <strong>fonotecas, mediatecas<\/strong>\u2026 desde un fragmento de pergamino hasta un archivo MP3, pr\u00e1cticamente cualquier soporte puede ser un documento musical.<\/p>\n<p style=\"text-align: justify;\">Bajo mi punto de vista, el \u201cest\u00e1 todo en la red\u201d no es argumento para no considerar la importancia que la Biblioteconom\u00eda y Documentaci\u00f3n tiene para la M\u00fasica \u2013y para cualquier disciplina-. Primero, porque no todo est\u00e1 all\u00ed, y segundo porque para que la parte que s\u00ed est\u00e1 hace falta todo un proceso anterior en el que no mucha gente piensa: hacen falta personas, que conserven los fondos, que los cataloguen, que dise\u00f1en las bases de datos, que los describan y organicen para su r\u00e1pida recuperaci\u00f3n\u2026 Y, de nuevo, no pensemos s\u00f3lo en los estantes de una biblioteca: las bibliotecas virtuales con las digitalizaciones de peque\u00f1as y grandes colecciones, los repositorios en donde puedes encontrar o publicar una tesis, las bases de datos en donde consultar o sonseguir un art\u00edculo de una revista de musicolog\u00eda\u2026 tambi\u00e9n necesitan de todo un corpus te\u00f3rico y t\u00e9cnico desarrollado, interdisciplinarmente, por la Biblioteconom\u00eda y Documentaci\u00f3n, as\u00ed como profesionales (tanto esta disciplina como de la M\u00fasica) que las pongan en pr\u00e1ctica.<\/p>\n<p style=\"text-align: justify;\"><strong>El blog<\/strong><\/p>\n<p style=\"text-align: justify;\"><strong>Papeles de M\u00fasica<\/strong> celebr\u00f3 en Noviembre de 2011 su primer a\u00f1o de vida, aunque las primeras entradas aparecieron en mayo del a\u00f1o anterior. Primeramente se publicaban uno o dos al mes, ya que comenc\u00e9 a hacerlo creyendo que no habr\u00eda mucho que decir sobre la Documentaci\u00f3n Musical. Aun as\u00ed pero me propuse intentarlo y he de decir que en numerosas ocasiones no s\u00f3lo hay much\u00edsimas noticias e informaci\u00f3n que compartir, sino que adem\u00e1s hay d\u00edas que se quedan muchas cosas en el tintero. Tener y mantener un blog es un trabajo constante y hay que mimarlo si quieres que el esfuerzo sirva de algo, y es un trabajo (iba a decir duro, pero esto s\u00f3lo da satisfacciones) que sinceramente vale mucho la pena. \u00bfLa recompensa? \u00danicamente darse cuenta de que hay a quien le resulta \u00fatil y\/o interesante.<\/p>\n<p style=\"text-align: justify;\"><a href=\"http:\/\/papelesdemusica.files.wordpress.com\/2010\/09\/partituras.jpg\"><img loading=\"lazy\" decoding=\"async\" class=\"alignleft size-full wp-image-5918\" style=\"margin: 4px;\" title=\"partituras\" src=\"http:\/\/papelesdemusica.files.wordpress.com\/2010\/09\/partituras.jpg\" alt=\"partituras\" width=\"188\" height=\"123\" \/><\/a>\u00bfQu\u00e9 podeis encontrar aqu\u00ed? Sobre todo, informaci\u00f3n sobre este campo interdisciplinar en el que <strong>se unen la Biblioteconom\u00eda y Documentaci\u00f3n con la M\u00fasica.<\/strong> Papeles de M\u00fasica habla de colecciones en bibliotecas, de proyectos de digitalizaci\u00f3n de partituras, de bases de datos con registros sonoros\u2026 de revistas de m\u00fasica, musicolog\u00eda, pedagog\u00eda\u2026 de reglas de catalogaci\u00f3n de documentos de biblioteca y normas archiv\u00edsticas, de organizaci\u00f3n de bibliotecas\u2026 de cursos de catalogaci\u00f3n de partituras, de conservaci\u00f3n de registros sonoros, de patrimonio musical\u2026<\/p>\n<p style=\"text-align: justify;\">En la <a title=\"Enlace a la p\u00e1gina principal de Papeles de M\u00fasica\" href=\"http:\/\/papelesdemusica.wordpress.com\/\" target=\"_blank\">p\u00e1gina principal<\/a>, las noticias actualizadas casi diariamente, recogidas en los medios o de elaboraci\u00f3n propia. En la secci\u00f3n <a title=\"Enlace a la secci\u00f3n de eventos de Papeles de M\u00fasica\" href=\"http:\/\/papelesdemusica.wordpress.com\/eventos\/\" target=\"_blank\">Eventos<\/a>, ten\u00e9is organizados por meses y por tipo de actividad diferentes acontecimientos relacionados con este campo de la Documentaci\u00f3n (cursos, congresos, exposiciones\u2026). En la secci\u00f3n de <a title=\"Enlace a la secci\u00f3n de recursos de Papeles de M\u00fasica\" href=\"http:\/\/papelesdemusica.wordpress.com\/recursos\/\" target=\"_blank\">Recursos<\/a>, en continua ampliaci\u00f3n, ten\u00e9is a vuestra disposici\u00f3n el aspecto m\u00e1s t\u00e9cnico de la disciplina: <strong>normas, reglas, encabezamientos, formatos, metadatos<\/strong>\u2026 con enlaces a las herramientas para aprender a utilizarlos.<\/p>\n<p><img loading=\"lazy\" decoding=\"async\" class=\"size-full wp-image-4736 alignright\" title=\"partituras\" src=\"http:\/\/guidoblogs.org\/wp-content\/uploads\/2012\/02\/partituras.jpg\" alt=\"\" width=\"188\" height=\"123\" \/><\/p>\n<p style=\"text-align: justify;\">\nEl apartado de <a title=\"Enlace a la secci\u00f3n de enlaces de Papeles de M\u00fasica\" href=\"http:\/\/papelesdemusica.wordpress.com\/enlaces\/\" target=\"_blank\">Enlaces<\/a> es el m\u00e1s rico en fuentes de informaci\u00f3n: tres grandes grupos (documentaci\u00f3n musical, sonora y audiovisual) con links de todo tipo: asociaciones, bibliotecas, bibliotecas digitales, partituras digitalizadas o bases de datos de partituras, archivos, centros de documentaci\u00f3n, revistas (la gran mayor\u00eda en Acceso Abierto), diccionarios, bases de datos, museos, Fonotecas y grabaciones sonoras, Filmotecas\u2026 as\u00ed, hasta <strong>475 enlaces que siguen creciendo cada d\u00eda.<\/strong><\/p>\n<p style=\"text-align: justify;\">Espero que os resulte interesante lo que en Papeles de M\u00fasica se recoge. Y si teneis alg\u00fan comentario, duda o consulta que hacer sobre el tema de los Archivos, Bibliotecas y Centros de Documentaci\u00f3n Musical, no dudeis en escribir a <strong>papelesdemusica[arroba]gmail.com<\/strong><\/p>\n<p>&nbsp;<\/p>\n","protected":false},"excerpt":{"rendered":"<p>Hoy toca presentar Papeles de M\u00fasica, un blog dedicado a las Bibliotecas, Archivos y Centros de Documentaci\u00f3n musicales. Vaya por delante que la idea de Jos\u00e9 Luis para crear Guido Blogs me parece una inciativa genial, y el que haya&hellip;<\/p>\n<p class=\"more-link-p\"><a class=\"more-link\" href=\"https:\/\/guidoblogs.org\/?page_id=1606\">Read more &rarr;<\/a><\/p>\n","protected":false},"author":1,"featured_media":0,"parent":15,"menu_order":7,"comment_status":"open","ping_status":"closed","template":"","meta":{"jetpack_post_was_ever_published":false,"footnotes":""},"class_list":["post-1606","page","type-page","status-publish","hentry"],"jetpack_shortlink":"https:\/\/wp.me\/P26BS1-pU","jetpack_sharing_enabled":true,"_links":{"self":[{"href":"https:\/\/guidoblogs.org\/index.php?rest_route=\/wp\/v2\/pages\/1606","targetHints":{"allow":["GET"]}}],"collection":[{"href":"https:\/\/guidoblogs.org\/index.php?rest_route=\/wp\/v2\/pages"}],"about":[{"href":"https:\/\/guidoblogs.org\/index.php?rest_route=\/wp\/v2\/types\/page"}],"author":[{"embeddable":true,"href":"https:\/\/guidoblogs.org\/index.php?rest_route=\/wp\/v2\/users\/1"}],"replies":[{"embeddable":true,"href":"https:\/\/guidoblogs.org\/index.php?rest_route=%2Fwp%2Fv2%2Fcomments&post=1606"}],"version-history":[{"count":0,"href":"https:\/\/guidoblogs.org\/index.php?rest_route=\/wp\/v2\/pages\/1606\/revisions"}],"up":[{"embeddable":true,"href":"https:\/\/guidoblogs.org\/index.php?rest_route=\/wp\/v2\/pages\/15"}],"wp:attachment":[{"href":"https:\/\/guidoblogs.org\/index.php?rest_route=%2Fwp%2Fv2%2Fmedia&parent=1606"}],"curies":[{"name":"wp","href":"https:\/\/api.w.org\/{rel}","templated":true}]}}