{"id":15,"date":"2012-01-04T16:14:49","date_gmt":"2012-01-04T15:14:49","guid":{"rendered":"http:\/\/guidoblogs.org\/?page_id=15"},"modified":"2012-01-25T00:41:12","modified_gmt":"2012-01-24T23:41:12","slug":"conocenos-mejor","status":"publish","type":"page","link":"https:\/\/guidoblogs.org\/?page_id=15","title":{"rendered":"Con\u00f3cenos mejor"},"content":{"rendered":"<p>El funcionamiento de esta secci\u00f3n ser\u00e1 muy sencillo. Intentar\u00e9 que <a href=\"http:\/\/es.followfriday.com\/\">cada viernes<\/a> un Blog publique su presentaci\u00f3n. As\u00ed que los aquellos interesados en hacerlo os pon\u00e9is en contacto conmigo en:<\/p>\n<p>guidoblogs@gmail.com<\/p>\n","protected":false},"excerpt":{"rendered":"<p>El funcionamiento de esta secci\u00f3n ser\u00e1 muy sencillo. Intentar\u00e9 que cada viernes un Blog publique su presentaci\u00f3n. As\u00ed que los aquellos interesados en hacerlo os pon\u00e9is en contacto conmigo en: guidoblogs@gmail.com<\/p>\n<p class=\"more-link-p\"><a class=\"more-link\" href=\"https:\/\/guidoblogs.org\/?page_id=15\">Read more &rarr;<\/a><\/p>\n","protected":false},"author":1,"featured_media":0,"parent":0,"menu_order":2,"comment_status":"open","ping_status":"open","template":"","meta":{"jetpack_post_was_ever_published":false,"footnotes":""},"class_list":["post-15","page","type-page","status-publish","hentry"],"jetpack_shortlink":"https:\/\/wp.me\/P26BS1-f","jetpack_sharing_enabled":true,"_links":{"self":[{"href":"https:\/\/guidoblogs.org\/index.php?rest_route=\/wp\/v2\/pages\/15","targetHints":{"allow":["GET"]}}],"collection":[{"href":"https:\/\/guidoblogs.org\/index.php?rest_route=\/wp\/v2\/pages"}],"about":[{"href":"https:\/\/guidoblogs.org\/index.php?rest_route=\/wp\/v2\/types\/page"}],"author":[{"embeddable":true,"href":"https:\/\/guidoblogs.org\/index.php?rest_route=\/wp\/v2\/users\/1"}],"replies":[{"embeddable":true,"href":"https:\/\/guidoblogs.org\/index.php?rest_route=%2Fwp%2Fv2%2Fcomments&post=15"}],"version-history":[{"count":0,"href":"https:\/\/guidoblogs.org\/index.php?rest_route=\/wp\/v2\/pages\/15\/revisions"}],"wp:attachment":[{"href":"https:\/\/guidoblogs.org\/index.php?rest_route=%2Fwp%2Fv2%2Fmedia&parent=15"}],"curies":[{"name":"wp","href":"https:\/\/api.w.org\/{rel}","templated":true}]}}