{"id":1319,"date":"2012-02-02T10:32:23","date_gmt":"2012-02-02T09:32:23","guid":{"rendered":"http:\/\/guidoblogs.org\/?page_id=1319"},"modified":"2013-01-08T12:23:47","modified_gmt":"2013-01-08T11:23:47","slug":"100212-la-brujula-de-canto","status":"publish","type":"page","link":"https:\/\/guidoblogs.org\/?page_id=1319","title":{"rendered":"10\/02\/12 &#8211; La br\u00fajula de Canto"},"content":{"rendered":"<p>Al sentarme a escribir esta presentaci\u00f3n de mi blog me he dado cuenta de que son varias las motivaciones que me han llevado a escribir <a href=\"http:\/\/www.labrujuladelcanto.blogspot.com\/\">\u00abLa br\u00fajula del canto\u00bb<\/a>.<\/p>\n<p>La primera es que, durante muchos a\u00f1os he escuchado medias-verdades o lo que es lo mismo&#8230; medias-mentiras sobre la pedagog\u00eda del canto que, nos han hecho tropezar en los mismos escollos a generaciones y generaciones de estudiantes de canto que con humildad busc\u00e1bamos verdad y coherencia. Es mi deseo poder aportar mis opiniones y mi experiencia a aquellos que como yo no se conforman con esas medias-verdades y al menos se atreven a cuestionarlas. Quiz\u00e1s no sea la \u00fanica verdad, de lo que estoy segura es de que es una verdad basada en la experiencia, la reflexi\u00f3n y que est\u00e1 documentada.<\/p>\n<p>Con el tiempo sent\u00ed la necesidad de expresar mi opini\u00f3n en temas m\u00e1s generales como pueden ser el valor de la cultura, la necesidad de apertura mental, la necesidad de otros conocimientos para saber desenvolverse en el mundo de la m\u00fasica, las maneras de aprender y de relacionarse con otros profesionales, etc. y por ello encontrareis muchas entradas que no son espec\u00edficamente de canto.<\/p>\n<p>Por otro lado, el blog se ha convertido en una valiosa herramienta pedag\u00f3gica para mis alumnos, muchas veces procedentes de varios centros, contextos y niveles. El blog me sirve para que profundicen y reflexionen al hilo de los posts.<\/p>\n<p>Soy de las que piensa que el mundo de la m\u00fasica general y el del canto en particular necesita abrirse, establecer muchas v\u00edas de comunicaci\u00f3n y que estas se propaguen en muchas direcciones. Comunicaci\u00f3n, di\u00e1logo, opini\u00f3n, criterio como comunidad, como profesionales y como acto de responsabilidad hacia aquello que queremos en nuestras vidas.<\/p>\n<p>Comunicaci\u00f3n sin miedos, en libertad, en paz. Hablar para conocerse, conocerse para compartir, compartir para crecer y crecer para mejorar. Es nuestra responsabilidad alimentar el c\u00edrculo virtuoso d\u00eda a d\u00eda. Es mi deseo que GUIDOBLOGS nos ayude en esta tarea de generar di\u00e1logo, reflexi\u00f3n, comunicaci\u00f3n y crecimiento.<\/p>\n<p>Para m\u00ed, el canto y su docencia se han convertido en uno de los grandes motores de mi vida y deseo que esta br\u00fajula sirva de gu\u00eda a aquellos que sienten esta misma pasi\u00f3n.<\/p>\n","protected":false},"excerpt":{"rendered":"<p>Al sentarme a escribir esta presentaci\u00f3n de mi blog me he dado cuenta de que son varias las motivaciones que me han llevado a escribir \u00abLa br\u00fajula del canto\u00bb. La primera es que, durante muchos a\u00f1os he escuchado medias-verdades o&hellip;<\/p>\n<p class=\"more-link-p\"><a class=\"more-link\" href=\"https:\/\/guidoblogs.org\/?page_id=1319\">Read more &rarr;<\/a><\/p>\n","protected":false},"author":1,"featured_media":0,"parent":15,"menu_order":6,"comment_status":"open","ping_status":"closed","template":"","meta":{"jetpack_post_was_ever_published":false,"footnotes":""},"class_list":["post-1319","page","type-page","status-publish","hentry"],"jetpack_shortlink":"https:\/\/wp.me\/P26BS1-lh","jetpack_sharing_enabled":true,"_links":{"self":[{"href":"https:\/\/guidoblogs.org\/index.php?rest_route=\/wp\/v2\/pages\/1319","targetHints":{"allow":["GET"]}}],"collection":[{"href":"https:\/\/guidoblogs.org\/index.php?rest_route=\/wp\/v2\/pages"}],"about":[{"href":"https:\/\/guidoblogs.org\/index.php?rest_route=\/wp\/v2\/types\/page"}],"author":[{"embeddable":true,"href":"https:\/\/guidoblogs.org\/index.php?rest_route=\/wp\/v2\/users\/1"}],"replies":[{"embeddable":true,"href":"https:\/\/guidoblogs.org\/index.php?rest_route=%2Fwp%2Fv2%2Fcomments&post=1319"}],"version-history":[{"count":0,"href":"https:\/\/guidoblogs.org\/index.php?rest_route=\/wp\/v2\/pages\/1319\/revisions"}],"up":[{"embeddable":true,"href":"https:\/\/guidoblogs.org\/index.php?rest_route=\/wp\/v2\/pages\/15"}],"wp:attachment":[{"href":"https:\/\/guidoblogs.org\/index.php?rest_route=%2Fwp%2Fv2%2Fmedia&parent=1319"}],"curies":[{"name":"wp","href":"https:\/\/api.w.org\/{rel}","templated":true}]}}