{"id":13,"date":"2012-01-04T16:13:40","date_gmt":"2012-01-04T15:13:40","guid":{"rendered":"http:\/\/guidoblogs.org\/?page_id=13"},"modified":"2013-01-06T09:33:25","modified_gmt":"2013-01-06T08:33:25","slug":"listado-de-blogs","status":"publish","type":"page","link":"https:\/\/guidoblogs.org\/?page_id=13","title":{"rendered":"Listado de Blogs"},"content":{"rendered":"<h2 style=\"text-align: center;\">NUEVO Listado<\/h2>\n<p>A modo de un nuevo regalo de Reyes para la comunidad educativa de conservatorios, se presenta el 6 de diciembre de 2013 la nueva versi\u00f3n del listado GuidoBlogs. Est\u00e1 disponible en el siguiente enlace:<\/p>\n<p style=\"text-align: center;\"><a href=\"http:\/\/www.listado.guidoblogs.org\">listado GuidoBlogs<\/a><\/p>\n<p>El antiguo listado no se borrar\u00e1, pero ya no continuar\u00e1 actualiz\u00e1ndose, lo dejo a continuaci\u00f3n.<\/p>\n<h2 style=\"text-align: center;\">Antiguo Listado<\/h2>\n<p>A continuaci\u00f3n se presenta un listado de Blogs de Profesores de Conservatorios y Escuelas de M\u00fasica.<\/p>\n<p>Durante la elaboraci\u00f3n del mismo me he encontrado con cuatro tipos de blogs (atendiendo a su uso en las aulas):<\/p>\n<ul>\n<li>Blogs de aula: se usan como complemento directo a lo que se realiza en el aula<\/li>\n<li>Blogs de docentes: blogs de docentes que algunas veces los utilizan en las aulas<\/li>\n<li>Blogs personales de docentes: blogs cuya funci\u00f3n no est\u00e1 relacionada con las aulas<\/li>\n<li>Blogs de departamentos o centros educativos.<\/li>\n<\/ul>\n<p>Estas cuatro categor\u00edas no estar\u00e1n reflejadas en el listado hasta una pr\u00f3xima actualizaci\u00f3n del mismo.<\/p>\n<p>El orden en el que aparecen es por especialidad instrumental. Aun faltan apartados por rellenar de algunos blogs. Y se espera completar el listado con muchos blogs m\u00e1s.<\/p>\n<p>Tambi\u00e9n se han incluido blogs de otros pa\u00edses. En un futuro, cuando tenga m\u00e1s blogs extranjeros, tendr\u00e1n su apartado espec\u00edfico.<\/p>\n<p>Por \u00faltimo agradecer a los dos listados por los que empec\u00e9 a estirar de los hilos:<\/p>\n<p>El <a href=\"http:\/\/cmapspublic.ihmc.us\/rid=1JVDYBX3T-1TW6THP-10TW\/blogs-musica-comunidades.cmap\">listado<\/a> de <a href=\"http:\/\/mariajesusmusica.wordpress.com\/\">M\u00aa Jes\u00fas Camino Renter\u00eda<\/a> en <a href=\"http:\/\/www.educacontic.es\/\">Educa con TIC<\/a> (listado de profesores de m\u00fasica de colegios e institutos, pero en el que se \u00abcolaron\u00bb algunos de conservatorios) y el <a href=\"http:\/\/aulamusicaldeadriana.blogspot.com\/p\/enlaces.html\">listado<\/a> del <a href=\"http:\/\/aulamusicaldeadriana.blogspot.com\/\">Aula Musical de Adriana<\/a> (que quiso publicar su listado antes de tenerlo del todo listo para que lo pudiese consultar).<br \/>\n<iframe loading=\"lazy\" src=\"https:\/\/docs.google.com\/spreadsheet\/pub?hl=es&amp;hl=es&amp;key=0Aoc7DvfI8LWadHltWTc3X1VoZlVsU2hHVTdTcnVEaVE&amp;output=html&amp;widget=true\" frameborder=\"0\" width=\"800\" height=\"900\"><\/iframe><\/p>\n","protected":false},"excerpt":{"rendered":"<p>NUEVO Listado A modo de un nuevo regalo de Reyes para la comunidad educativa de conservatorios, se presenta el 6 de diciembre de 2013 la nueva versi\u00f3n del listado GuidoBlogs. Est\u00e1 disponible en el siguiente enlace: listado GuidoBlogs El antiguo&hellip;<\/p>\n<p class=\"more-link-p\"><a class=\"more-link\" href=\"https:\/\/guidoblogs.org\/?page_id=13\">Read more &rarr;<\/a><\/p>\n","protected":false},"author":1,"featured_media":0,"parent":0,"menu_order":1,"comment_status":"open","ping_status":"open","template":"","meta":{"jetpack_post_was_ever_published":false,"footnotes":""},"class_list":["post-13","page","type-page","status-publish","hentry"],"jetpack_shortlink":"https:\/\/wp.me\/P26BS1-d","jetpack_sharing_enabled":true,"_links":{"self":[{"href":"https:\/\/guidoblogs.org\/index.php?rest_route=\/wp\/v2\/pages\/13","targetHints":{"allow":["GET"]}}],"collection":[{"href":"https:\/\/guidoblogs.org\/index.php?rest_route=\/wp\/v2\/pages"}],"about":[{"href":"https:\/\/guidoblogs.org\/index.php?rest_route=\/wp\/v2\/types\/page"}],"author":[{"embeddable":true,"href":"https:\/\/guidoblogs.org\/index.php?rest_route=\/wp\/v2\/users\/1"}],"replies":[{"embeddable":true,"href":"https:\/\/guidoblogs.org\/index.php?rest_route=%2Fwp%2Fv2%2Fcomments&post=13"}],"version-history":[{"count":0,"href":"https:\/\/guidoblogs.org\/index.php?rest_route=\/wp\/v2\/pages\/13\/revisions"}],"wp:attachment":[{"href":"https:\/\/guidoblogs.org\/index.php?rest_route=%2Fwp%2Fv2%2Fmedia&parent=13"}],"curies":[{"name":"wp","href":"https:\/\/api.w.org\/{rel}","templated":true}]}}