{"id":1216,"date":"2012-01-26T22:59:34","date_gmt":"2012-01-26T21:59:34","guid":{"rendered":"http:\/\/guidoblogs.org\/?page_id=1216"},"modified":"2013-01-08T12:23:27","modified_gmt":"2013-01-08T11:23:27","slug":"270112-potsdam-1747","status":"publish","type":"page","link":"https:\/\/guidoblogs.org\/?page_id=1216","title":{"rendered":"27\/01\/12 &#8211; Potsdam 1747"},"content":{"rendered":"<p><a href=\"http:\/\/enriqueblanco.net\/wp-content\/uploads\/2012\/01\/viejoOrdenador.png\"><img loading=\"lazy\" decoding=\"async\" class=\"alignleft size-full wp-image-1862\" title=\"viejoOrdenador\" src=\"http:\/\/enriqueblanco.net\/wp-content\/uploads\/2012\/01\/viejoOrdenador.png\" alt=\"\" width=\"350\" height=\"264\" \/><\/a>Jos\u00e9 Luis Miralles, que coordina <a href=\"www.guidoblogs.org\" target=\"_blank\">guidoblogs<\/a>, un interesante <a href=\"http:\/\/es.wikipedia.org\/wiki\/Planeta_(agregador)\" target=\"_blank\">planeta de blogs<\/a>, me pide una presentaci\u00f3n de Potsdam 1747.<\/p>\n<p>Estoy tentado de escribir:<\/p>\n<blockquote><p>Mi nombre es Dam: Pots Dam<\/p><\/blockquote>\n<p>Porque no es una tarea exactamente f\u00e1cil. Llevo manteniendo una web desde 1996 (para alguno de vosotros puede ser pertinente que recuerde que la electricidad ya se hab\u00eda inventado en la \u00e9poca).<\/p>\n<h2><strong>Paleozoico: la web est\u00e1tica<\/strong><\/h2>\n<p>La primera web era de lo que hoy por hoy venimos en llamar <em>p\u00e1ginas est\u00e1ticas<\/em> (se actualizaban escribiendo a mano c\u00f3digo html y no hab\u00eda posibilidad de interacci\u00f3n con el usuario), ten\u00eda poqu\u00edsimo material y me costaba enormes tiempo y esfuerzo (y dinero, en todas mis webs he pagado de mi bolsillo el albergue) tenerla actualizada.<\/p>\n<p><a href=\"http:\/\/enriqueblanco.net\/wp-content\/uploads\/2012\/01\/Captura-de-pantalla-2012-01-25-a-las-10.44.49.png\"><img loading=\"lazy\" decoding=\"async\" class=\"alignleft size-full wp-image-1863\" title=\"Captura de pantalla 2012-01-25 a la(s) 10.44.49\" src=\"http:\/\/enriqueblanco.net\/wp-content\/uploads\/2012\/01\/Captura-de-pantalla-2012-01-25-a-las-10.44.49.png\" alt=\"\" width=\"450\" height=\"392\" \/><\/a>Aqu\u00ed pod\u00e9is ver un fragmento de la versi\u00f3n de 1997. \u00bfOs acord\u00e1is de cuando hab\u00eda que hacer versiones con y sin frames de una web? A esta p\u00e1gina sub\u00ed alguno de mis largos trabajos de texto y una enorme colecci\u00f3n de v\u00ednculos musicales. <em>Antes hac\u00eda falta: todav\u00eda no se hab\u00eda inventado Google.<\/em><\/p>\n<p>Creo que muchos de los que en aquella subimos p\u00e1ginas con temas tan fuera del inter\u00e9s general lo hicimos por una especie de apuesta por el futuro. Poco nos desanimo la llamada <a href=\"http:\/\/es.wikipedia.org\/wiki\/Burbuja_punto_com\" target=\"_blank\">burbuja puntocom<\/a>. Sent\u00edamos que si tend\u00edamos una mano al mundo, a lo mejor \u00e9ste nos la estrechaba.<\/p>\n<h2><strong>Mesozoico: imaginary<\/strong><\/h2>\n<p><a href=\"http:\/\/enriqueblanco.net\/wp-content\/uploads\/2012\/01\/Captura-de-pantalla-2012-01-25-a-las-10.42.15.png\"><img loading=\"lazy\" decoding=\"async\" class=\"alignright size-full wp-image-1864\" title=\"Captura de pantalla 2012-01-25 a la(s) 10.42.15\" src=\"http:\/\/enriqueblanco.net\/wp-content\/uploads\/2012\/01\/Captura-de-pantalla-2012-01-25-a-las-10.42.15.png\" alt=\"\" width=\"450\" height=\"342\" \/><\/a>En 2004 me convencieron de que los blogs eran el futuro. A medias con un amigo pagu\u00e9 un host que quiz\u00e1 os suene a muchos, pues ha durado cerca de ocho a\u00f1os:<em> imaginarymagnitude<\/em>, en el que Potsdam 1747 ha estado albergada durante a\u00f1os. En mayo de ese a\u00f1o, ya en el nuevo hosting y la nueva tecnolog\u00eda, <a href=\"http:\/\/enriqueblanco.net\/2004\/05\/actualizacion-de-la-web\/\" target=\"_blank\">escrib\u00ed un art\u00edculo<\/a> del que entresaco lo siguiente:<\/p>\n<blockquote><p>\u2026ha tenido sus consecuencias, positivas y negativas. A saber:<br \/>\n1- He recibido e-mails alentadores. Tanto, que creo que en alg\u00fan caso pueden haber causado que algunas personas que me han escrito hayan llegado a apreciar la m\u00fasica de los siglos XX y XXI .<br \/>\n2- Algunos conservatorios y otras instituciones me han ofrecido cursos, con su correspondiente compensaci\u00f3n econ\u00f3mica, tras ver la web.<br \/>\n3- He recibido consultas leg\u00edtimas (ver punto 5 para las ileg\u00edtimas) que han conducido a intercambios de e-mail (en este contexto se hace raro decir intercambios epistolares) interesantes.<br \/>\n4- He recibido e-mails amenazantes e insultantes (no cre\u00ed que la gente tuviera tan poco que hacer que se indignaran ante la defensa de la m\u00fasica de un periodo cualquiera, y eso me preocupa).<br \/>\n5- Bastantes personas han intentado que les haga sus trabajos de fin de carrera, o del colegio (\u201cnecesitar\u00eda para este fin de semana un resumen de diez p\u00e1ginas sobre el serialismo\u201d). En un caso enternecedor por lo descarado, un padre me pidi\u00f3 el trabajo para el d\u00eda siguiente, porque su hijo si no, suspender\u00eda. En otros, lo disfrazan de consulta, pero pidi\u00e9ndome que la respuesta sea larga y que cuente lo m\u00e1s b\u00e1sico.<br \/>\n6- Recibo una desmedida cantidad de spam, por estar mi e-mail en la p\u00e1gina. En este momento no he decidido si la nueva versi\u00f3n de la web tendr\u00e1 o no mi e-mail a la vista.<br \/>\nEn \u00faltima instancia, creo que debo decir que la web ha tenido \u00e9xito, m\u00e1s quiz\u00e1 que otras webs semejantes que conozco. Atribuyo este \u00e9xito a que la web tiene contenidos, no s\u00f3lo publicidad (no neguemos que un curr\u00edculum y una lista de obras son eso) sobre m\u00ed o mi obra. Y como se ha visto en el punto 2, esto no me ha hecho perder dinero sino ganarlo. Pretendo escribir en estas p\u00e1ginas sobre ello, incluyendo hablar de copyleft, creative commons y cosas as\u00ed. De hecho creo que van a ser el \u00fanico futuro creativo de la m\u00fasica.<\/p><\/blockquote>\n<p>Largos a\u00f1os de Potsdam: grupos de amigos blogueros que daban una atm\u00f3sfera chispeante y divertida. Art\u00edculos para no m\u00fasicos. Reflexiones. Mi vida amorosa. An\u00e1lisis. Todo entr\u00f3 en esta \u00e9poca. Finalmente tuve el blog muy abandonado, porque me daba una gran pereza la necesidad de escribir demasiado c\u00f3digo html (s\u00e9 hacerlo, pero cuando escribo prefiero pensar en escritura, no en programaci\u00f3n).<\/p>\n<h2><strong>Cenozoico: la nueva web<\/strong><\/h2>\n<p>Pero eso no quiere decir que no echara de menos escribir en mi blog. Me cost\u00f3 mucho decidirme, pero finalmente decid\u00eda pasar a un sistema de gesti\u00f3n de blogs mucho m\u00e1s moderno. No fue decisi\u00f3n f\u00e1cil: \u00bfperder a\u00f1os y a\u00f1os de indexaciones Google y otras p\u00e1ginas? \u00bfMudar gr\u00e1ficos y v\u00ednculos uno a uno? Mil problemas, pero era eso o que el blog ya de nada sirviera, y finalmente he refundado <a href=\"http:\/\/enriqueblanco.net\" target=\"_blank\">Potsdam 1747<\/a>. La tecnolog\u00eda ha cambiado mucho. Ahora me es f\u00e1cil tener blogueros invitados (siempre quise que Potsdam fuese un coro, y no un el recital de un divo), v\u00ednculos a las redes sociales, etc\u2026 A lo mejor un d\u00eda, por si a alguien ayuda, describo en detalle el proceso<\/p>\n<p>En Potsdam he hablado de m\u00fasica contempor\u00e1nea, de barroco, de m\u00fasicas \u00e9tnicas, de educaci\u00f3n musical, de gatos, de rosas, de im\u00e1genes sorprendentes\u2026 Y as\u00ed pienso seguir haci\u00e9ndolo. Qui\u00e9n sabe si, hoy por hoy, no hubiese creado blogs distintos para temas distintos. O si, caso de haberlo permitido la tecnolog\u00eda no hubi\u00e9ramos puesto aqu\u00ed, mis compa\u00f1eros y yo, la web que generamos en 1999-2000 como proyecto de Innovaci\u00f3n Pedag\u00f3gica, que la Comunidad de Madrid tuvo a bien darnos y <em>no publicar<\/em>.<\/p>\n<h2><strong>Las aventuras del Capit\u00e1n Futuro: qu\u00e9 ser\u00e1 de Potsdam<\/strong><\/h2>\n<p><a href=\"http:\/\/enriqueblanco.net\/wp-content\/uploads\/2004\/06\/spock-uhura-harp-charlie-x.jpg\"><img loading=\"lazy\" decoding=\"async\" class=\"alignleft size-medium wp-image-1630\" title=\"spock-uhura-harp-charlie-x\" src=\"http:\/\/enriqueblanco.net\/wp-content\/uploads\/2004\/06\/spock-uhura-harp-charlie-x-300x261.jpg\" alt=\"\" width=\"300\" height=\"261\" \/><\/a>Qui\u00e9n sabe qu\u00e9 ser\u00e1 de Internet. Las redes sociales parecen hacer menos necesario seguir llevando blogs, y al mismo tiempo, parad\u00f3jicamente, se convierten en m\u00e1s \u00fatiles, por ser menos ef\u00edmeros. La comunidad educativa, en nuestro caso concreto, la musical empieza a usar con normalidad estos medios, afortunadamente en muchos casos sin buscar un apoyo oficial que s\u00f3lo redundar\u00eda en menor libertad y flexibilidad. Internet nos ofrece un mundo que estalla en todas direcciones, un v\u00ednculo en el que siempre habr\u00e1 un peque\u00f1o grupo de personas (quiz\u00e1 una en Alaska, otra en M\u00f3stoles y otra en Luna City) interesadas por los mismo temas que uno. La tecnolog\u00eda cambiar\u00e1, quiz\u00e1 pronto los ordenadores sean herramientas del pasado y lo hagamos todo desde smartphones o desde los dispositivos que los suplan. Pero mucho he de cambiar para no seguir reencarnando el blog. Potsdam 1747 es mi casa fuera de casa, el sitio en que me hac\u00e9is el honor de venir a visitarme y a veces, hablar conmigo. Siempre intentar\u00e9 que os sint\u00e1is bienvenidos.<\/p>\n","protected":false},"excerpt":{"rendered":"<p>Jos\u00e9 Luis Miralles, que coordina guidoblogs, un interesante planeta de blogs, me pide una presentaci\u00f3n de Potsdam 1747. Estoy tentado de escribir: Mi nombre es Dam: Pots Dam Porque no es una tarea exactamente f\u00e1cil. Llevo manteniendo una web desde&hellip;<\/p>\n<p class=\"more-link-p\"><a class=\"more-link\" href=\"https:\/\/guidoblogs.org\/?page_id=1216\">Read more &rarr;<\/a><\/p>\n","protected":false},"author":1,"featured_media":0,"parent":15,"menu_order":4,"comment_status":"open","ping_status":"closed","template":"","meta":{"jetpack_post_was_ever_published":false,"footnotes":""},"class_list":["post-1216","page","type-page","status-publish","hentry"],"jetpack_shortlink":"https:\/\/wp.me\/P26BS1-jC","jetpack_sharing_enabled":true,"_links":{"self":[{"href":"https:\/\/guidoblogs.org\/index.php?rest_route=\/wp\/v2\/pages\/1216","targetHints":{"allow":["GET"]}}],"collection":[{"href":"https:\/\/guidoblogs.org\/index.php?rest_route=\/wp\/v2\/pages"}],"about":[{"href":"https:\/\/guidoblogs.org\/index.php?rest_route=\/wp\/v2\/types\/page"}],"author":[{"embeddable":true,"href":"https:\/\/guidoblogs.org\/index.php?rest_route=\/wp\/v2\/users\/1"}],"replies":[{"embeddable":true,"href":"https:\/\/guidoblogs.org\/index.php?rest_route=%2Fwp%2Fv2%2Fcomments&post=1216"}],"version-history":[{"count":0,"href":"https:\/\/guidoblogs.org\/index.php?rest_route=\/wp\/v2\/pages\/1216\/revisions"}],"up":[{"embeddable":true,"href":"https:\/\/guidoblogs.org\/index.php?rest_route=\/wp\/v2\/pages\/15"}],"wp:attachment":[{"href":"https:\/\/guidoblogs.org\/index.php?rest_route=%2Fwp%2Fv2%2Fmedia&parent=1216"}],"curies":[{"name":"wp","href":"https:\/\/api.w.org\/{rel}","templated":true}]}}