{"id":1198,"date":"2012-02-03T01:44:53","date_gmt":"2012-02-03T00:44:53","guid":{"rendered":"http:\/\/guidoblogs.org\/?page_id=1198"},"modified":"2013-01-08T12:23:38","modified_gmt":"2013-01-08T11:23:38","slug":"030212-el-blog-de-la-creatividad-al-piano","status":"publish","type":"page","link":"https:\/\/guidoblogs.org\/?page_id=1198","title":{"rendered":"03\/02\/12 &#8211; El Blog \u00abDe la Creatividad al Piano\u00bb"},"content":{"rendered":"<p>Buenas a tod@s!<\/p>\n<p>Como sugiere perfectamente Jos\u00e9 Luis Miralles (un ser con una mente privilegiada como ya han observado los que tienen la suerte de conocerle, por cierto, siempre me consider\u00e9 un \u00abhombre con suerte\u00bb \ud83d\ude42 en la presentaci\u00f3n de esta secci\u00f3n, escribir en un blog es una especie de acto amoroso. Dar las gracias es una manera de sentirte un poco m\u00e1s unido y unirte a un amigo. Gracias, Jos\u00e9 Luis, por tus iniciativas&#8230; No pares. Tienes mucho que aportar al mundo y estoy seguro que sabr\u00e1 corresponderte este universo. Te esperan sorpresas agradables&#8230;<\/p>\n<p>Uno de los motivos que me impulsaron a comenzar <a href=\"Buenas a tod@s!  Como sugiere perfectamente Jos\u00e9 Luis Miralles (un ser con una mente privilegiada como ya han observado los que tienen la suerte de conocerle, por cierto, siempre me consider\u00e9 un &quot;hombre con suerte&quot; :) en la presentaci\u00f3n de esta secci\u00f3n, escribir en un blog es una especie de acto amoroso. Dar las gracias es una manera de sentirte un poco m\u00e1s unido y unirte a un amigo. Gracias, Jos\u00e9 Luis, por tus iniciativas... No pares. Tienes mucho que aportar al mundo y estoy seguro que sabr\u00e1 corresponderte este universo. Te esperan sorpresas agradables...  Uno de los motivos que me impulsaron a comenzar &lt;a href=&quot;http:\/\/www.elblogdelacreatividadalpiano.blogspot.com &quot;&gt;&lt;\/a&gt; no fue otro que mis ganas de compartir ideas y recursos con los dem\u00e1s. Quiz\u00e1 sea \u00e9sta una manera de amar a los otros, ser generoso con ellos. En \u00e9l aun\u00e9 otra de mis pasiones: escribir. Pocos saben que llegu\u00e9 a matricularme en Filolog\u00eda Hisp\u00e1nica, tal era mi pasi\u00f3n por la escritura desde que era un chavalito. Finalmente me coincidieron los horarios de los estudios de m\u00fasica con \u00e9stos y tuve que decantarme. Por cierto, gracias, madm\u00e1, por hacerme amar tambi\u00e9n la escritura. Quiz\u00e1 me viene por gen\u00e9tica. Ahora ayudo a mi madre a publicar en otro blog sus creaciones po\u00e9ticas.   En pocas palabras, mi blog es para m\u00ed un sue\u00f1o hecho realidad.   Supongo :) que un blog es el resultado de un camino que comienza mucho antes. Cuenta mi madre que cuando era peque\u00f1o siempre abr\u00eda, desmontaba, investigaba a fondo el interior de cada uno de los nuevos juguetes que ca\u00edan en mis manos para luego volver a montarlos o bien crear objetos nuevos. Curiosidad, investigaci\u00f3n, creaci\u00f3n de diferentes \u00f3rdenes, posibilidades, construcci\u00f3n... todas estos conceptos y\/o procedimientos y otros ser\u00edan las que ir\u00edan poco a poco conformando mis redes neurales, supongo :)  Conservo como oro en pa\u00f1o una grabaci\u00f3n en cinta de casete de all\u00e1 por el a\u00f1o 1983 en el que improviso sobre el t\u00edpico y t\u00f3pico ciclo de quintas en el modo menor (ya lo hab\u00edan recorrido de mil maneras Vivaldi, Mozart, Beethoven, etc... yo no lo sab\u00eda, para m\u00ed fue todo un descubrimiento entonces :). Arpegios ascendentes y descendentes... No me cansaba de probar combinaciones y efectos nuevos basados en una secuencia de acordes caracter\u00edstica que con el tiempo ir\u00eda ampli\u00e1ndose con m\u00e1s recursos.  Despu\u00e9s vinieron las miles de horas dedicadas a improvisar en muchos estilos m\u00e1s o menos acad\u00e9micos (pues la gran mayor\u00eda de compositores improvisaban: barroco, cl\u00e1sico, rom\u00e1ntico, impresionista, espa\u00f1ol)... o m\u00e1s o menos &quot;modernos&quot; (pues no s\u00f3lo es posible y necesario para ofrecer una interpretaci\u00f3n estil\u00edsticamente filol\u00f3gica improvisar en los movimientos lentos de Mozart, hay otros mundos, cosa que a veces les cuesta imaginar a los alumn@s de los conservatorios): boleros, bossanovas, tangos, habaneras, jazz, blues...   Al final este blog va a ser como una especie de espejo de mis maneras de entender la m\u00fasica, un caj\u00f3n de sastre que de grande puede convertirse en un ba\u00fal :) de sugerencias de actividades &quot;diferentes&quot;, de posibilidades, de ideas -dicen que las reboso, yo no noto que rebase tantas :)- que quiero compartir para que impulse la actividad de los que me lean.   Me sorprende mucho c\u00f3mo las entradas que m\u00e1s gustan a los dem\u00e1s a veces no son aquellas que m\u00e1s me interesan a m\u00ed. As\u00ed es la vida! :) Estas son las que \u00faltimamente m\u00e1s han llamado la atenci\u00f3n de los lectores de mi blog:  Visita a Clemente Pianos (Valencia) XIII Concurso Internacional de M\u00fcsica de C\u00e1mara &quot;Ciutat de Vinar\u00f2s&quot; Visita al taller del maestro organero Juan Bautista y al luthier de claves Gustavo A. Thern c\u00f3mo distribuir el tiempo de estudio al piano Mi regalo de reyes: un piano virtual Improvisando con modos El proceso constructivo del monocordio de Conrad von Zabern, mi pr\u00f3ximo instrumento-I parte Un recurso did\u00e1ctico de primer orden Terminolog\u00eda cantante\/pianista -I parte- Aportaci\u00f3n sobre creatividad e improvisaci\u00f3n de Guillermo Alonso Iriarte   Como v\u00e9is, escribo sobre improvisaci\u00f3n, sobre creatividad, (que son y no son lo mismo, como todos saben, del mismo modo que no son y son lo mismo un mar y el oc\u00e9ano que lo contiene), sobre acompa\u00f1amiento, sobre piano, sobre pedagog\u00eda... En definitiva, sobre una &quot;vida musical&quot;.  Quien me conoce bien sabe que soy persona de palabra y que, dada \u00e9sta, hago todo lo posible por cumplirla. Mi &quot;autopromesa&quot; fue que &lt;a href=&quot;http:\/\/www.elblogdelacreatividadalpiano.blogspot.com&quot;&gt; &lt;\/a&gt; tuviese continuidad, no fuera uno de tantos blogs que caen en el descuido o el olvido de sus autores pronto. Garantizo :) a\u00f1os y a\u00f1os de aportaciones por tanto. No me conformo con menos de una d\u00e9cada. Aqu\u00ed queda mi palabra escrita.  Porque la creatividad no es una moda ef\u00edmera sino una manera de vivir, os animo a experimentar caminos nuevos, a buscar otras maneras de exprimir vuestro tiempo vital...   Agust\u00edn Manuel Mart\u00ednez\" target=\"_blank\">El Blog de la Creatividad al Piano<\/a> no fue otro que mis ganas de compartir ideas y recursos con los dem\u00e1s. Quiz\u00e1 sea \u00e9sta una manera de amar a los otros, ser generoso con ellos. En \u00e9l aun\u00e9 otra de mis pasiones: escribir. Pocos saben que llegu\u00e9 a matricularme en Filolog\u00eda Hisp\u00e1nica, tal era mi pasi\u00f3n por la escritura desde que era un chavalito. Finalmente me coincidieron los horarios de los estudios de m\u00fasica con \u00e9stos y tuve que decantarme. Por cierto, gracias, mam\u00e1, por hacerme amar tambi\u00e9n la escritura. Quiz\u00e1 me viene por gen\u00e9tica. Ahora ayudo a mi madre a publicar en otro blog sus creaciones po\u00e9ticas.<\/p>\n<p>En pocas palabras, mi blog es para m\u00ed un sue\u00f1o hecho realidad.<\/p>\n<p>Supongo \ud83d\ude42 que un blog es el resultado de un camino que comienza mucho antes. Cuenta mi madre que cuando era peque\u00f1o siempre abr\u00eda, desmontaba, investigaba a fondo el interior de cada uno de los nuevos juguetes que ca\u00edan en mis manos para luego volver a montarlos o bien crear objetos nuevos. Curiosidad, investigaci\u00f3n, creaci\u00f3n de diferentes \u00f3rdenes, posibilidades, construcci\u00f3n&#8230; todas estos conceptos y\/o procedimientos y otros ser\u00edan las que ir\u00edan poco a poco conformando mis redes neurales, supongo \ud83d\ude42<\/p>\n<p>Conservo como oro en pa\u00f1o una grabaci\u00f3n en cinta de casete de all\u00e1 por el a\u00f1o 1983 en el que improviso sobre el t\u00edpico y t\u00f3pico ciclo de quintas en el modo menor (ya lo hab\u00edan recorrido de mil maneras Vivaldi, Mozart, Beethoven, etc&#8230; yo no lo sab\u00eda, para m\u00ed fue todo un descubrimiento entonces :). Arpegios ascendentes y descendentes&#8230; No me cansaba de probar combinaciones y efectos nuevos basados en una secuencia de acordes caracter\u00edstica que con el tiempo ir\u00eda ampli\u00e1ndose con m\u00e1s recursos.<\/p>\n<p>Despu\u00e9s vinieron las miles de horas dedicadas a improvisar en muchos estilos m\u00e1s o menos acad\u00e9micos (pues la gran mayor\u00eda de compositores improvisaban: barroco, cl\u00e1sico, rom\u00e1ntico, impresionista, espa\u00f1ol)&#8230; o m\u00e1s o menos \u00abmodernos\u00bb (pues no s\u00f3lo es posible y necesario para ofrecer una interpretaci\u00f3n estil\u00edsticamente filol\u00f3gica improvisar en los movimientos lentos de Mozart, hay otros mundos, cosa que a veces les cuesta imaginar a los alumn@s de los conservatorios): boleros, bossanovas, tangos, habaneras, jazz, blues&#8230;<\/p>\n<p>Al final este blog va a ser como una especie de espejo de mis maneras de entender la m\u00fasica, un caj\u00f3n de sastre que de grande puede convertirse en un ba\u00fal \ud83d\ude42 de sugerencias de actividades \u00abdiferentes\u00bb, de posibilidades, de ideas -dicen que las reboso, yo no noto que rebase tantas :)- que quiero compartir para que impulse la actividad de los que me lean.<\/p>\n<p>Me sorprende mucho c\u00f3mo las entradas que m\u00e1s gustan a los dem\u00e1s a veces no son aquellas que m\u00e1s me interesan a m\u00ed. As\u00ed es la vida! \ud83d\ude42 Estas son las que \u00faltimamente m\u00e1s han llamado la atenci\u00f3n de los lectores de mi blog:<\/p>\n<p>Visita a Clemente Pianos (Valencia)<br \/>\nXIII Concurso Internacional de M\u00fcsica de C\u00e1mara \u00abCiutat de Vinar\u00f2s\u00bb<br \/>\nVisita al taller del maestro organero Juan Bautista y al luthier de claves Gustavo A. Thern<br \/>\nc\u00f3mo distribuir el tiempo de estudio al piano<br \/>\nMi regalo de reyes: un piano virtual<br \/>\nImprovisando con modos<br \/>\nEl proceso constructivo del monocordio de Conrad von Zabern, mi pr\u00f3ximo instrumento-I parte<br \/>\nUn recurso did\u00e1ctico de primer orden<br \/>\nTerminolog\u00eda cantante\/pianista -I parte-<br \/>\nAportaci\u00f3n sobre creatividad e improvisaci\u00f3n de Guillermo Alonso Iriarte<\/p>\n<p>Como v\u00e9is, escribo sobre improvisaci\u00f3n, sobre creatividad, (que son y no son lo mismo, como todos saben, del mismo modo que no son y son lo mismo un mar y el oc\u00e9ano que lo contiene), sobre acompa\u00f1amiento, sobre piano, sobre pedagog\u00eda&#8230; En definitiva, sobre una \u00abvida musical\u00bb.<\/p>\n<p>Quien me conoce bien sabe que soy persona de palabra y que, dada \u00e9sta, hago todo lo posible por cumplirla. Mi \u00abautopromesa\u00bb fue que <a href=\"Buenas a tod@s!  Como sugiere perfectamente Jos\u00e9 Luis Miralles (un ser con una mente privilegiada como ya han observado los que tienen la suerte de conocerle, por cierto, siempre me consider\u00e9 un &quot;hombre con suerte&quot; :) en la presentaci\u00f3n de esta secci\u00f3n, escribir en un blog es una especie de acto amoroso. Dar las gracias es una manera de sentirte un poco m\u00e1s unido y unirte a un amigo. Gracias, Jos\u00e9 Luis, por tus iniciativas... No pares. Tienes mucho que aportar al mundo y estoy seguro que sabr\u00e1 corresponderte este universo. Te esperan sorpresas agradables...  Uno de los motivos que me impulsaron a comenzar &lt;a href=&quot;http:\/\/www.elblogdelacreatividadalpiano.blogspot.com &quot;&gt;&lt;\/a&gt; no fue otro que mis ganas de compartir ideas y recursos con los dem\u00e1s. Quiz\u00e1 sea \u00e9sta una manera de amar a los otros, ser generoso con ellos. En \u00e9l aun\u00e9 otra de mis pasiones: escribir. Pocos saben que llegu\u00e9 a matricularme en Filolog\u00eda Hisp\u00e1nica, tal era mi pasi\u00f3n por la escritura desde que era un chavalito. Finalmente me coincidieron los horarios de los estudios de m\u00fasica con \u00e9stos y tuve que decantarme. Por cierto, gracias, madm\u00e1, por hacerme amar tambi\u00e9n la escritura. Quiz\u00e1 me viene por gen\u00e9tica. Ahora ayudo a mi madre a publicar en otro blog sus creaciones po\u00e9ticas.   En pocas palabras, mi blog es para m\u00ed un sue\u00f1o hecho realidad.   Supongo :) que un blog es el resultado de un camino que comienza mucho antes. Cuenta mi madre que cuando era peque\u00f1o siempre abr\u00eda, desmontaba, investigaba a fondo el interior de cada uno de los nuevos juguetes que ca\u00edan en mis manos para luego volver a montarlos o bien crear objetos nuevos. Curiosidad, investigaci\u00f3n, creaci\u00f3n de diferentes \u00f3rdenes, posibilidades, construcci\u00f3n... todas estos conceptos y\/o procedimientos y otros ser\u00edan las que ir\u00edan poco a poco conformando mis redes neurales, supongo :)  Conservo como oro en pa\u00f1o una grabaci\u00f3n en cinta de casete de all\u00e1 por el a\u00f1o 1983 en el que improviso sobre el t\u00edpico y t\u00f3pico ciclo de quintas en el modo menor (ya lo hab\u00edan recorrido de mil maneras Vivaldi, Mozart, Beethoven, etc... yo no lo sab\u00eda, para m\u00ed fue todo un descubrimiento entonces :). Arpegios ascendentes y descendentes... No me cansaba de probar combinaciones y efectos nuevos basados en una secuencia de acordes caracter\u00edstica que con el tiempo ir\u00eda ampli\u00e1ndose con m\u00e1s recursos.  Despu\u00e9s vinieron las miles de horas dedicadas a improvisar en muchos estilos m\u00e1s o menos acad\u00e9micos (pues la gran mayor\u00eda de compositores improvisaban: barroco, cl\u00e1sico, rom\u00e1ntico, impresionista, espa\u00f1ol)... o m\u00e1s o menos &quot;modernos&quot; (pues no s\u00f3lo es posible y necesario para ofrecer una interpretaci\u00f3n estil\u00edsticamente filol\u00f3gica improvisar en los movimientos lentos de Mozart, hay otros mundos, cosa que a veces les cuesta imaginar a los alumn@s de los conservatorios): boleros, bossanovas, tangos, habaneras, jazz, blues...   Al final este blog va a ser como una especie de espejo de mis maneras de entender la m\u00fasica, un caj\u00f3n de sastre que de grande puede convertirse en un ba\u00fal :) de sugerencias de actividades &quot;diferentes&quot;, de posibilidades, de ideas -dicen que las reboso, yo no noto que rebase tantas :)- que quiero compartir para que impulse la actividad de los que me lean.   Me sorprende mucho c\u00f3mo las entradas que m\u00e1s gustan a los dem\u00e1s a veces no son aquellas que m\u00e1s me interesan a m\u00ed. As\u00ed es la vida! :) Estas son las que \u00faltimamente m\u00e1s han llamado la atenci\u00f3n de los lectores de mi blog:  Visita a Clemente Pianos (Valencia) XIII Concurso Internacional de M\u00fcsica de C\u00e1mara &quot;Ciutat de Vinar\u00f2s&quot; Visita al taller del maestro organero Juan Bautista y al luthier de claves Gustavo A. Thern c\u00f3mo distribuir el tiempo de estudio al piano Mi regalo de reyes: un piano virtual Improvisando con modos El proceso constructivo del monocordio de Conrad von Zabern, mi pr\u00f3ximo instrumento-I parte Un recurso did\u00e1ctico de primer orden Terminolog\u00eda cantante\/pianista -I parte- Aportaci\u00f3n sobre creatividad e improvisaci\u00f3n de Guillermo Alonso Iriarte   Como v\u00e9is, escribo sobre improvisaci\u00f3n, sobre creatividad, (que son y no son lo mismo, como todos saben, del mismo modo que no son y son lo mismo un mar y el oc\u00e9ano que lo contiene), sobre acompa\u00f1amiento, sobre piano, sobre pedagog\u00eda... En definitiva, sobre una &quot;vida musical&quot;.  Quien me conoce bien sabe que soy persona de palabra y que, dada \u00e9sta, hago todo lo posible por cumplirla. Mi &quot;autopromesa&quot; fue que &lt;a href=&quot;http:\/\/www.elblogdelacreatividadalpiano.blogspot.com&quot;&gt; &lt;\/a&gt; tuviese continuidad, no fuera uno de tantos blogs que caen en el descuido o el olvido de sus autores pronto. Garantizo :) a\u00f1os y a\u00f1os de aportaciones por tanto. No me conformo con menos de una d\u00e9cada. Aqu\u00ed queda mi palabra escrita.  Porque la creatividad no es una moda ef\u00edmera sino una manera de vivir, os animo a experimentar caminos nuevos, a buscar otras maneras de exprimir vuestro tiempo vital...   Agust\u00edn Manuel Mart\u00ednez\" target=\"_blank\">El Blog de la Creatividad al Piano<\/a> tuviese continuidad, no fuera uno de tantos blogs que caen en el descuido o el olvido de sus autores pronto. Garantizo \ud83d\ude42 a\u00f1os y a\u00f1os de aportaciones por tanto. No me conformo con menos de una d\u00e9cada. Aqu\u00ed queda mi palabra escrita.<\/p>\n<p>Porque la creatividad no es una moda ef\u00edmera sino una manera de vivir, os animo a experimentar caminos nuevos, a buscar otras maneras de exprimir vuestro tiempo vital&#8230;<\/p>\n<p>Agust\u00edn Manuel Mart\u00ednez<\/p>\n","protected":false},"excerpt":{"rendered":"<p>Buenas a tod@s! Como sugiere perfectamente Jos\u00e9 Luis Miralles (un ser con una mente privilegiada como ya han observado los que tienen la suerte de conocerle, por cierto, siempre me consider\u00e9 un \u00abhombre con suerte\u00bb \ud83d\ude42 en la presentaci\u00f3n de&hellip;<\/p>\n<p class=\"more-link-p\"><a class=\"more-link\" href=\"https:\/\/guidoblogs.org\/?page_id=1198\">Read more &rarr;<\/a><\/p>\n","protected":false},"author":1,"featured_media":0,"parent":15,"menu_order":5,"comment_status":"open","ping_status":"closed","template":"","meta":{"jetpack_post_was_ever_published":false,"footnotes":""},"class_list":["post-1198","page","type-page","status-publish","hentry"],"jetpack_shortlink":"https:\/\/wp.me\/P26BS1-jk","jetpack_sharing_enabled":true,"_links":{"self":[{"href":"https:\/\/guidoblogs.org\/index.php?rest_route=\/wp\/v2\/pages\/1198","targetHints":{"allow":["GET"]}}],"collection":[{"href":"https:\/\/guidoblogs.org\/index.php?rest_route=\/wp\/v2\/pages"}],"about":[{"href":"https:\/\/guidoblogs.org\/index.php?rest_route=\/wp\/v2\/types\/page"}],"author":[{"embeddable":true,"href":"https:\/\/guidoblogs.org\/index.php?rest_route=\/wp\/v2\/users\/1"}],"replies":[{"embeddable":true,"href":"https:\/\/guidoblogs.org\/index.php?rest_route=%2Fwp%2Fv2%2Fcomments&post=1198"}],"version-history":[{"count":0,"href":"https:\/\/guidoblogs.org\/index.php?rest_route=\/wp\/v2\/pages\/1198\/revisions"}],"up":[{"embeddable":true,"href":"https:\/\/guidoblogs.org\/index.php?rest_route=\/wp\/v2\/pages\/15"}],"wp:attachment":[{"href":"https:\/\/guidoblogs.org\/index.php?rest_route=%2Fwp%2Fv2%2Fmedia&parent=1198"}],"curies":[{"name":"wp","href":"https:\/\/api.w.org\/{rel}","templated":true}]}}